{"id":1529,"date":"2022-09-23T13:35:58","date_gmt":"2022-09-23T18:35:58","guid":{"rendered":"https:\/\/remac.ca\/?page_id=1529"},"modified":"2023-05-18T08:32:36","modified_gmt":"2023-05-18T13:32:36","slug":"a-propos","status":"publish","type":"page","link":"https:\/\/remac.ca\/fr\/a-propos\/","title":{"rendered":"\u00c0 propos"},"content":{"rendered":"\n<div class=\"wp-block-uagb-container uagb-block-319d5639 alignfull uagb-is-root-container\"><div class=\"uagb-container-inner-blocks-wrap\">\n<div class=\"wp-block-uagb-advanced-heading uagb-block-0cba02c9\"><h1 class=\"uagb-heading-text\">\u00c0 propos<\/h1><\/div>\n<\/div><\/div>\n\n\n\n<div class=\"wp-block-uagb-container uagb-block-3114610f alignfull uagb-is-root-container\"><div class=\"uagb-container-inner-blocks-wrap\">\n<div class=\"wp-block-uagb-advanced-heading uagb-block-09b50544\"><h2 class=\"uagb-heading-text\">Mission<\/h2><p class=\"uagb-desc-text\">REMAC s\u2019est donn\u00e9 pour mission de mettre \u00e0 contribution sa grande expertise sur l\u2019utilisation de l\u2019aluminium pour le d\u00e9veloppement d\u2019applications structurelles novatrices.<\/p><\/div>\n\n\n\n<div class=\"wp-block-uagb-advanced-heading uagb-block-c02817e2\"><h2 class=\"uagb-heading-text\">Vision<\/h2><p class=\"uagb-desc-text\">\u00catre reconnu comme un leader mondial dans la fabrication structures, de tours et de pyl\u00f4ne en aluminium.<\/p><\/div>\n<\/div><\/div>\n\n\n\n<div class=\"wp-block-uagb-container uagb-block-fa1046c6 alignfull uagb-is-root-container\"><div class=\"uagb-container-inner-blocks-wrap\">\n<div class=\"wp-block-uagb-advanced-heading uagb-block-6239273d\"><h2 class=\"uagb-heading-text\">Notre parcours<\/h2><\/div>\n\n\n\n<div class=\"wp-block-uagb-info-box uagb-block-0c80a0e6 uagb-infobox__content-wrap  uagb-infobox-icon-left uagb-infobox-left uagb-infobox-image-valign-top\"><div class=\"uagb-ifb-image-content\"><img decoding=\"async\" src=\"https:\/\/remac.ca\/wp-content\/uploads\/2022\/10\/calendar-1.svg\" alt=\"\" width=\"50\" height=\"50\" loading=\"lazy\"\/><\/div><div class=\"uagb-ifb-content\"><div class=\"uagb-ifb-title-wrap\"><span class=\"uagb-ifb-title-prefix\">1986<\/span><h4 class=\"uagb-ifb-title\">Fondation<\/h4><\/div><p class=\"uagb-ifb-desc\">En 1986, Andr\u00e9 et Jean Poulin fondent REMAC avec la mission d\u2019offrir des solutions innovantes avec des produits et services sp\u00e9cialis\u00e9s dans le design, la conception et la fabrication de structure en acier et en aluminium. Au fil des ann\u00e9es et de diversification, REMAC se positionne comme un chef de fil dans la fabrication et l\u2019installation de structures, de passerelles, de ponts et de quais, priorisant l\u2019aluminium, un mat\u00e9riau l\u00e9ger, versatile et r\u00e9sistant \u00e0 l\u2019acier.<\/p><\/div><\/div>\n\n\n\n<div class=\"wp-block-uagb-info-box uagb-block-a5e0bfde uagb-infobox__content-wrap  uagb-infobox-icon-left uagb-infobox-left uagb-infobox-image-valign-top\"><div class=\"uagb-ifb-image-content\"><img decoding=\"async\" src=\"https:\/\/remac.ca\/wp-content\/uploads\/2022\/10\/pyramide-ha-ha-1.svg\" alt=\"\" width=\"50\" height=\"50\" loading=\"lazy\"\/><\/div><div class=\"uagb-ifb-content\"><div class=\"uagb-ifb-title-wrap\"><span class=\"uagb-ifb-title-prefix\">1999<\/span><h4 class=\"uagb-ifb-title\">Pyramide des Ha! Ha!<\/h4><\/div><p class=\"uagb-ifb-desc\">En 1999, apr\u00e8s plusieurs ann\u00e9es \u00e0 perfectionner ses m\u00e9thodes de productions et r\u00e9cipiendaire de plusieurs prix et mentions d\u2019honneur des instances \u00e9conomiques de la r\u00e9gion et du Qu\u00e9bec, REMAC obtient un important contrat afin de fabriquer la Pyramides des Ha! Ha!, un monument comm\u00e9morant le D\u00e9luge du Saguenay en 1996, situ\u00e9 dans l&rsquo;arrondissement La Baie \u00e0 Saguenay.<\/p><\/div><\/div>\n\n\n\n<div class=\"wp-block-uagb-info-box uagb-block-dee67ebf uagb-infobox__content-wrap  uagb-infobox-icon-left uagb-infobox-left uagb-infobox-image-valign-top\"><div class=\"uagb-ifb-image-content\"><img decoding=\"async\" src=\"https:\/\/remac.ca\/wp-content\/uploads\/2022\/10\/marina-2-1.svg\" alt=\"\" width=\"50\" height=\"50\" loading=\"lazy\"\/><\/div><div class=\"uagb-ifb-content\"><div class=\"uagb-ifb-title-wrap\"><span class=\"uagb-ifb-title-prefix\">2001<\/span><h4 class=\"uagb-ifb-title\">Havre-St-Pierre marina<\/h4><\/div><p class=\"uagb-ifb-desc\">En 2001, REMAC obtient un autre contrat d\u2019envergure, la fabrication et l\u2019installation de la marina \u00e0 Havre-St-Pierre.<\/p><\/div><\/div>\n\n\n\n<div class=\"wp-block-uagb-info-box uagb-block-992b2dbf uagb-infobox__content-wrap  uagb-infobox-icon-left uagb-infobox-left uagb-infobox-image-valign-top\"><div class=\"uagb-ifb-image-content\"><img decoding=\"async\" src=\"https:\/\/remac.ca\/wp-content\/uploads\/\/achievements-1.svg\" alt=\"\" width=\"55\" height=\"55\" loading=\"lazy\"\/><\/div><div class=\"uagb-ifb-content\"><div class=\"uagb-ifb-title-wrap\"><span class=\"uagb-ifb-title-prefix\">2008 \u2013 2012<\/span><h4 class=\"uagb-ifb-title\">Plusieurs r\u00e9alisations majeures<\/h4><\/div><p class=\"uagb-ifb-desc\">Quai de la rivi\u00e8re aux sables, QC (2008)&nbsp;<br>Quai de la marina de Roberval, QC (2013)&nbsp;<br>Marina de St-F\u00e9licien, QC (2014)&nbsp;<br>Passerelle et quai de l\u2019Anse-St-Jean, QC (2000)&nbsp;<br>Passerelle et quai aux Escoumins, QC&nbsp;<br>Passerelle des basques \u00e0 Trois-Pistoles, QC (1999)&nbsp;<br>Passerelle du Circuit des b\u00e2tisseurs \u00e0 Chandler, QC (2012)&nbsp;<br>Passerelle Roger Dion, Matane, QC (2003)&nbsp;&nbsp;<\/p><\/div><\/div>\n\n\n\n<div class=\"wp-block-uagb-info-box uagb-block-e1fcda15 uagb-infobox__content-wrap  uagb-infobox-icon-left uagb-infobox-left uagb-infobox-image-valign-top\"><div class=\"uagb-ifb-image-content\"><img decoding=\"async\" src=\"https:\/\/remac.ca\/wp-content\/uploads\/2022\/10\/tower-1.svg\" alt=\"\" width=\"55\" height=\"55\" loading=\"lazy\"\/><\/div><div class=\"uagb-ifb-content\"><div class=\"uagb-ifb-title-wrap\"><span class=\"uagb-ifb-title-prefix\">2020<\/span><h4 class=\"uagb-ifb-title\">Tours REMAC<\/h4><\/div><p class=\"uagb-ifb-desc\">En 2020, pour r\u00e9pondre \u00e0 une probl\u00e9matique de corrosion en milieu salin (bord de mer) qui a caus\u00e9 l\u2019effondrement de quelques tours de transmission cellulaires, et d\u2019empreinte au sol, REMAC est contact\u00e9e par L\u2019Aide-Tic afin de concevoir une tour \u00e0 la fois r\u00e9sistante \u00e0 la corrosion, robuste, et durable. Le mandat est de concevoir et de fabriquer une tour de transmission autoportante de 80 pieds en aluminium qui respecte les normes et standards \u00e9quivalents aux tours en acier. Cette tour doit \u00e9galement pouvoir \u00eatre install\u00e9e pr\u00e8s des r\u00e9sidences en ayant un design permettant d\u2019offrir une plus faible emprise au sol.<br><br>Apr\u00e8s plusieurs mois de R&amp;D en partenariat avec la SVA (Soci\u00e9t\u00e9 de la Vall\u00e9e de l\u2019Aluminium), l\u2019Universit\u00e9 de Sherbrooke, le CEE-UQAC, Rio Tinto, et d\u2019autres partenaires, la premi\u00e8re tour en aluminium de ce type au monde fut certifi\u00e9e (CSA-S37-18) et install\u00e9e \u00e0 l\u2019\u00e9t\u00e9 2021 dans le quartier des Grands Bois\u00e9es \u00e0 Saint-Honor\u00e9.<br><br>Peu de temps apr\u00e8s cette premi\u00e8re tour livr\u00e9e et install\u00e9e, REMAC signe un important contrat avec la firme priv\u00e9e <a href=\"https:\/\/www.digitalubiquitycapital.com\/\" target=\"_blank\" rel=\"noreferrer noopener\">Digital Ubiquity<\/a> pour la conception et la fabrication de 6 tours de t\u00e9l\u00e9communication de 100 pieds (810 Pa) le plus haut niveau de r\u00e9sistance exig\u00e9 au Canada.<\/p><\/div><\/div>\n<\/div><\/div>\n\n\n\n<div class=\"wp-block-uagb-container uagb-block-a949287c alignfull uagb-is-root-container\">\n<div class=\"wp-block-uagb-container uagb-block-ccf62dc6\">\n<div class=\"wp-block-uagb-advanced-heading uagb-block-b1a8e941\"><h4 class=\"uagb-heading-text\">Pyramide des Ha! Ha!<\/h4><p class=\"uagb-desc-text\">La Baie (Saguenay), QC<\/p><\/div>\n<\/div>\n\n\n\n<div class=\"wp-block-uagb-container uagb-block-3c5ff85f\">\n<div class=\"wp-block-uagb-advanced-heading uagb-block-e68dd1dc\"><h4 class=\"uagb-heading-text\">Passerelle en aluminium<\/h4><p class=\"uagb-desc-text\">Chandler (Gasp\u00e9sie), QC<\/p><\/div>\n<\/div>\n\n\n\n<div class=\"wp-block-uagb-container uagb-block-d69cf4d2\">\n<div class=\"wp-block-uagb-advanced-heading uagb-block-c5d362a9\"><h4 class=\"uagb-heading-text\">Marina St-F\u00e9licien<\/h4><p class=\"uagb-desc-text\">Saint-F\u00e9licien, QC<\/p><\/div>\n<\/div>\n\n\n\n<div class=\"wp-block-uagb-container uagb-block-f8369158\">\n<div class=\"wp-block-uagb-advanced-heading uagb-block-60cf2542\"><h4 class=\"uagb-heading-text\">Marina Havre-St-Pierre<\/h4><p class=\"uagb-desc-text\">Havre-Saint-Pierre, QC<\/p><\/div>\n<\/div>\n<\/div>\n\n\n\n<div class=\"wp-block-uagb-container uagb-block-782a4961 alignfull uagb-is-root-container\"><div class=\"uagb-container-inner-blocks-wrap\">\n<div class=\"wp-block-uagb-advanced-heading uagb-block-71c18ba4\"><h4 class=\"uagb-heading-text\">Expertise et certifications<\/h4><p class=\"uagb-desc-text\">CSA W 47.1 | CSA W 47.2<\/p><\/div>\n<\/div><\/div>\n","protected":false},"excerpt":{"rendered":"<p>\u00c0 propos Mission REMAC s\u2019est donn\u00e9 pour mission de mettre \u00e0 contribution sa grande expertise sur l\u2019utilisation de l\u2019aluminium pour [&hellip;]<\/p>\n","protected":false},"author":1,"featured_media":0,"parent":0,"menu_order":0,"comment_status":"closed","ping_status":"closed","template":"","meta":{"_coblocks_attr":"","_coblocks_dimensions":"","_coblocks_responsive_height":"","_coblocks_accordion_ie_support":"","inline_featured_image":false,"_uag_custom_page_level_css":"","site-sidebar-layout":"default","site-content-layout":"","ast-site-content-layout":"default","site-content-style":"default","site-sidebar-style":"default","ast-global-header-display":"","ast-banner-title-visibility":"","ast-main-header-display":"","ast-hfb-above-header-display":"","ast-hfb-below-header-display":"","ast-hfb-mobile-header-display":"","site-post-title":"disabled","ast-breadcrumbs-content":"","ast-featured-img":"","footer-sml-layout":"","theme-transparent-header-meta":"","adv-header-id-meta":"","stick-header-meta":"","header-above-stick-meta":"","header-main-stick-meta":"","header-below-stick-meta":"","astra-migrate-meta-layouts":"default","ast-page-background-enabled":"default","ast-page-background-meta":{"desktop":{"background-color":"var(--ast-global-color-4)","background-image":"","background-repeat":"repeat","background-position":"center center","background-size":"auto","background-attachment":"scroll","background-type":"","background-media":"","overlay-type":"","overlay-color":"","overlay-opacity":"","overlay-gradient":""},"tablet":{"background-color":"","background-image":"","background-repeat":"repeat","background-position":"center center","background-size":"auto","background-attachment":"scroll","background-type":"","background-media":"","overlay-type":"","overlay-color":"","overlay-opacity":"","overlay-gradient":""},"mobile":{"background-color":"","background-image":"","background-repeat":"repeat","background-position":"center center","background-size":"auto","background-attachment":"scroll","background-type":"","background-media":"","overlay-type":"","overlay-color":"","overlay-opacity":"","overlay-gradient":""}},"ast-content-background-meta":{"desktop":{"background-color":"var(--ast-global-color-5)","background-image":"","background-repeat":"repeat","background-position":"center center","background-size":"auto","background-attachment":"scroll","background-type":"","background-media":"","overlay-type":"","overlay-color":"","overlay-opacity":"","overlay-gradient":""},"tablet":{"background-color":"var(--ast-global-color-5)","background-image":"","background-repeat":"repeat","background-position":"center center","background-size":"auto","background-attachment":"scroll","background-type":"","background-media":"","overlay-type":"","overlay-color":"","overlay-opacity":"","overlay-gradient":""},"mobile":{"background-color":"var(--ast-global-color-5)","background-image":"","background-repeat":"repeat","background-position":"center center","background-size":"auto","background-attachment":"scroll","background-type":"","background-media":"","overlay-type":"","overlay-color":"","overlay-opacity":"","overlay-gradient":""}},"footnotes":""},"class_list":["post-1529","page","type-page","status-publish","hentry"],"yoast_head":"<!-- This site is optimized with the Yoast SEO plugin v25.9 - https:\/\/yoast.com\/wordpress\/plugins\/seo\/ -->\n<title>\u00c0 propos - REMAC<\/title>\n<meta name=\"description\" content=\"REMAC est un manufacturier d&#039;ouvrages en aluminium certifi\u00e9 de tout genre. L&#039;expert en tours de t\u00e9l\u00e9communications CSA-S37 et TIA-222.\" \/>\n<meta name=\"robots\" content=\"index, follow, max-snippet:-1, max-image-preview:large, max-video-preview:-1\" \/>\n<link rel=\"canonical\" href=\"https:\/\/remac.ca\/fr\/a-propos\/\" \/>\n<meta property=\"og:locale\" content=\"fr_FR\" \/>\n<meta property=\"og:type\" content=\"article\" \/>\n<meta property=\"og:title\" content=\"\u00c0 propos - REMAC\" \/>\n<meta property=\"og:description\" content=\"REMAC est un manufacturier d&#039;ouvrages en aluminium certifi\u00e9 de tout genre. L&#039;expert en tours de t\u00e9l\u00e9communications CSA-S37 et TIA-222.\" \/>\n<meta property=\"og:url\" content=\"https:\/\/remac.ca\/fr\/a-propos\/\" \/>\n<meta property=\"og:site_name\" content=\"REMAC\" \/>\n<meta property=\"article:publisher\" content=\"https:\/\/www.facebook.com\/remac.ca\" \/>\n<meta property=\"article:modified_time\" content=\"2023-05-18T13:32:36+00:00\" \/>\n<meta property=\"og:image\" content=\"https:\/\/remac.ca\/wp-content\/uploads\/2022\/10\/calendar-1.svg\" \/>\n<meta name=\"twitter:card\" content=\"summary_large_image\" \/>\n<meta name=\"twitter:label1\" content=\"Dur\u00e9e de lecture estim\u00e9e\" \/>\n\t<meta name=\"twitter:data1\" content=\"4 minutes\" \/>\n<script type=\"application\/ld+json\" class=\"yoast-schema-graph\">{\"@context\":\"https:\/\/schema.org\",\"@graph\":[{\"@type\":\"WebPage\",\"@id\":\"https:\/\/remac.ca\/fr\/a-propos\/\",\"url\":\"https:\/\/remac.ca\/fr\/a-propos\/\",\"name\":\"\u00c0 propos - REMAC\",\"isPartOf\":{\"@id\":\"https:\/\/remac.ca\/fr\/#website\"},\"primaryImageOfPage\":{\"@id\":\"https:\/\/remac.ca\/fr\/a-propos\/#primaryimage\"},\"image\":{\"@id\":\"https:\/\/remac.ca\/fr\/a-propos\/#primaryimage\"},\"thumbnailUrl\":\"https:\/\/remac.ca\/wp-content\/uploads\/2022\/10\/calendar-1.svg\",\"datePublished\":\"2022-09-23T18:35:58+00:00\",\"dateModified\":\"2023-05-18T13:32:36+00:00\",\"description\":\"REMAC est un manufacturier d'ouvrages en aluminium certifi\u00e9 de tout genre. L'expert en tours de t\u00e9l\u00e9communications CSA-S37 et TIA-222.\",\"breadcrumb\":{\"@id\":\"https:\/\/remac.ca\/fr\/a-propos\/#breadcrumb\"},\"inLanguage\":\"fr-FR\",\"potentialAction\":[{\"@type\":\"ReadAction\",\"target\":[\"https:\/\/remac.ca\/fr\/a-propos\/\"]}]},{\"@type\":\"ImageObject\",\"inLanguage\":\"fr-FR\",\"@id\":\"https:\/\/remac.ca\/fr\/a-propos\/#primaryimage\",\"url\":\"https:\/\/remac.ca\/wp-content\/uploads\/2022\/10\/calendar-1.svg\",\"contentUrl\":\"https:\/\/remac.ca\/wp-content\/uploads\/2022\/10\/calendar-1.svg\"},{\"@type\":\"BreadcrumbList\",\"@id\":\"https:\/\/remac.ca\/fr\/a-propos\/#breadcrumb\",\"itemListElement\":[{\"@type\":\"ListItem\",\"position\":1,\"name\":\"Home\",\"item\":\"https:\/\/remac.ca\/fr\/\"},{\"@type\":\"ListItem\",\"position\":2,\"name\":\"\u00c0 propos\"}]},{\"@type\":\"WebSite\",\"@id\":\"https:\/\/remac.ca\/fr\/#website\",\"url\":\"https:\/\/remac.ca\/fr\/\",\"name\":\"REMAC\",\"description\":\"L&#039;aluminium pour des pyl\u00f4nes \u00e0 valeur ajout\u00e9e\",\"publisher\":{\"@id\":\"https:\/\/remac.ca\/fr\/#organization\"},\"potentialAction\":[{\"@type\":\"SearchAction\",\"target\":{\"@type\":\"EntryPoint\",\"urlTemplate\":\"https:\/\/remac.ca\/fr\/?s={search_term_string}\"},\"query-input\":{\"@type\":\"PropertyValueSpecification\",\"valueRequired\":true,\"valueName\":\"search_term_string\"}}],\"inLanguage\":\"fr-FR\"},{\"@type\":\"Organization\",\"@id\":\"https:\/\/remac.ca\/fr\/#organization\",\"name\":\"REMAC\",\"url\":\"https:\/\/remac.ca\/fr\/\",\"logo\":{\"@type\":\"ImageObject\",\"inLanguage\":\"fr-FR\",\"@id\":\"https:\/\/remac.ca\/fr\/#\/schema\/logo\/image\/\",\"url\":\"https:\/\/remac.ca\/wp-content\/uploads\/2022\/09\/logo-scaled.png\",\"contentUrl\":\"https:\/\/remac.ca\/wp-content\/uploads\/2022\/09\/logo-scaled.png\",\"width\":2700,\"height\":990,\"caption\":\"REMAC\"},\"image\":{\"@id\":\"https:\/\/remac.ca\/fr\/#\/schema\/logo\/image\/\"},\"sameAs\":[\"https:\/\/www.facebook.com\/remac.ca\",\"https:\/\/www.linkedin.com\/company\/remac-innovation\"]}]}<\/script>\n<!-- \/ Yoast SEO plugin. -->","yoast_head_json":{"title":"\u00c0 propos - REMAC","description":"REMAC est un manufacturier d'ouvrages en aluminium certifi\u00e9 de tout genre. L'expert en tours de t\u00e9l\u00e9communications CSA-S37 et TIA-222.","robots":{"index":"index","follow":"follow","max-snippet":"max-snippet:-1","max-image-preview":"max-image-preview:large","max-video-preview":"max-video-preview:-1"},"canonical":"https:\/\/remac.ca\/fr\/a-propos\/","og_locale":"fr_FR","og_type":"article","og_title":"\u00c0 propos - REMAC","og_description":"REMAC est un manufacturier d'ouvrages en aluminium certifi\u00e9 de tout genre. L'expert en tours de t\u00e9l\u00e9communications CSA-S37 et TIA-222.","og_url":"https:\/\/remac.ca\/fr\/a-propos\/","og_site_name":"REMAC","article_publisher":"https:\/\/www.facebook.com\/remac.ca","article_modified_time":"2023-05-18T13:32:36+00:00","og_image":[{"url":"https:\/\/remac.ca\/wp-content\/uploads\/2022\/10\/calendar-1.svg","type":"","width":"","height":""}],"twitter_card":"summary_large_image","twitter_misc":{"Dur\u00e9e de lecture estim\u00e9e":"4 minutes"},"schema":{"@context":"https:\/\/schema.org","@graph":[{"@type":"WebPage","@id":"https:\/\/remac.ca\/fr\/a-propos\/","url":"https:\/\/remac.ca\/fr\/a-propos\/","name":"\u00c0 propos - REMAC","isPartOf":{"@id":"https:\/\/remac.ca\/fr\/#website"},"primaryImageOfPage":{"@id":"https:\/\/remac.ca\/fr\/a-propos\/#primaryimage"},"image":{"@id":"https:\/\/remac.ca\/fr\/a-propos\/#primaryimage"},"thumbnailUrl":"https:\/\/remac.ca\/wp-content\/uploads\/2022\/10\/calendar-1.svg","datePublished":"2022-09-23T18:35:58+00:00","dateModified":"2023-05-18T13:32:36+00:00","description":"REMAC est un manufacturier d'ouvrages en aluminium certifi\u00e9 de tout genre. L'expert en tours de t\u00e9l\u00e9communications CSA-S37 et TIA-222.","breadcrumb":{"@id":"https:\/\/remac.ca\/fr\/a-propos\/#breadcrumb"},"inLanguage":"fr-FR","potentialAction":[{"@type":"ReadAction","target":["https:\/\/remac.ca\/fr\/a-propos\/"]}]},{"@type":"ImageObject","inLanguage":"fr-FR","@id":"https:\/\/remac.ca\/fr\/a-propos\/#primaryimage","url":"https:\/\/remac.ca\/wp-content\/uploads\/2022\/10\/calendar-1.svg","contentUrl":"https:\/\/remac.ca\/wp-content\/uploads\/2022\/10\/calendar-1.svg"},{"@type":"BreadcrumbList","@id":"https:\/\/remac.ca\/fr\/a-propos\/#breadcrumb","itemListElement":[{"@type":"ListItem","position":1,"name":"Home","item":"https:\/\/remac.ca\/fr\/"},{"@type":"ListItem","position":2,"name":"\u00c0 propos"}]},{"@type":"WebSite","@id":"https:\/\/remac.ca\/fr\/#website","url":"https:\/\/remac.ca\/fr\/","name":"REMAC","description":"L&#039;aluminium pour des pyl\u00f4nes \u00e0 valeur ajout\u00e9e","publisher":{"@id":"https:\/\/remac.ca\/fr\/#organization"},"potentialAction":[{"@type":"SearchAction","target":{"@type":"EntryPoint","urlTemplate":"https:\/\/remac.ca\/fr\/?s={search_term_string}"},"query-input":{"@type":"PropertyValueSpecification","valueRequired":true,"valueName":"search_term_string"}}],"inLanguage":"fr-FR"},{"@type":"Organization","@id":"https:\/\/remac.ca\/fr\/#organization","name":"REMAC","url":"https:\/\/remac.ca\/fr\/","logo":{"@type":"ImageObject","inLanguage":"fr-FR","@id":"https:\/\/remac.ca\/fr\/#\/schema\/logo\/image\/","url":"https:\/\/remac.ca\/wp-content\/uploads\/2022\/09\/logo-scaled.png","contentUrl":"https:\/\/remac.ca\/wp-content\/uploads\/2022\/09\/logo-scaled.png","width":2700,"height":990,"caption":"REMAC"},"image":{"@id":"https:\/\/remac.ca\/fr\/#\/schema\/logo\/image\/"},"sameAs":["https:\/\/www.facebook.com\/remac.ca","https:\/\/www.linkedin.com\/company\/remac-innovation"]}]}},"uagb_featured_image_src":{"full":false,"thumbnail":false,"medium":false,"medium_large":false,"large":false,"1536x1536":false,"2048x2048":false,"gform-image-choice-sm":false,"gform-image-choice-md":false,"gform-image-choice-lg":false},"uagb_author_info":{"display_name":"admin-remac","author_link":"https:\/\/remac.ca\/fr\/author\/admin-remac\/"},"uagb_comment_info":0,"uagb_excerpt":"\u00c0 propos Mission REMAC s\u2019est donn\u00e9 pour mission de mettre \u00e0 contribution sa grande expertise sur l\u2019utilisation de l\u2019aluminium pour [&hellip;]","_links":{"self":[{"href":"https:\/\/remac.ca\/fr\/wp-json\/wp\/v2\/pages\/1529","targetHints":{"allow":["GET"]}}],"collection":[{"href":"https:\/\/remac.ca\/fr\/wp-json\/wp\/v2\/pages"}],"about":[{"href":"https:\/\/remac.ca\/fr\/wp-json\/wp\/v2\/types\/page"}],"author":[{"embeddable":true,"href":"https:\/\/remac.ca\/fr\/wp-json\/wp\/v2\/users\/1"}],"replies":[{"embeddable":true,"href":"https:\/\/remac.ca\/fr\/wp-json\/wp\/v2\/comments?post=1529"}],"version-history":[{"count":8,"href":"https:\/\/remac.ca\/fr\/wp-json\/wp\/v2\/pages\/1529\/revisions"}],"predecessor-version":[{"id":2091,"href":"https:\/\/remac.ca\/fr\/wp-json\/wp\/v2\/pages\/1529\/revisions\/2091"}],"wp:attachment":[{"href":"https:\/\/remac.ca\/fr\/wp-json\/wp\/v2\/media?parent=1529"}],"curies":[{"name":"wp","href":"https:\/\/api.w.org\/{rel}","templated":true}]}}