{"id":1537,"date":"2022-10-24T11:37:04","date_gmt":"2022-10-24T16:37:04","guid":{"rendered":"https:\/\/remac.ca\/?page_id=1537"},"modified":"2022-11-18T08:55:54","modified_gmt":"2022-11-18T13:55:54","slug":"partenaires","status":"publish","type":"page","link":"https:\/\/remac.ca\/fr\/partenaires\/","title":{"rendered":"Partenaires"},"content":{"rendered":"\n<div class=\"wp-block-uagb-container uagb-block-8dbcbec2 alignfull uagb-is-root-container\"><div class=\"uagb-container-inner-blocks-wrap\">\n<div class=\"wp-block-uagb-advanced-heading uagb-block-fc87794c\"><h1 class=\"uagb-heading-text\">Nos partenaires<\/h1><\/div>\n<\/div><\/div>\n\n\n\n<div class=\"wp-block-uagb-container uagb-block-9b81f944 alignfull uagb-is-root-container\"><div class=\"uagb-container-inner-blocks-wrap\">\n<div class=\"wp-block-media-text alignwide is-stacked-on-mobile is-style-default\" style=\"grid-template-columns:45% auto\"><figure class=\"wp-block-media-text__media\"><a href=\"https:\/\/www.riotinto.com\/fr-CA\/can\/\" target=\"_blank\" rel=\"noreferrer noopener\"><img loading=\"lazy\" decoding=\"async\" width=\"580\" height=\"218\" src=\"https:\/\/remac.ca\/wp-content\/uploads\/2022\/10\/rio-tinto-2.png\" alt=\"Logo Rio Tinto\" class=\"wp-image-447 size-full\" srcset=\"https:\/\/remac.ca\/wp-content\/uploads\/2022\/10\/rio-tinto-2.png 580w, https:\/\/remac.ca\/wp-content\/uploads\/2022\/10\/rio-tinto-2-300x113.png 300w\" sizes=\"auto, (max-width: 580px) 100vw, 580px\" \/><\/a><\/figure><div class=\"wp-block-media-text__content\">\n<p>Rio Tinto a collabor\u00e9 financi\u00e8rement au d\u00e9veloppement des tours 810 Pa par leur fonds Rio Tinto \u00e0 la SVA.<br>Rio Tinto a us\u00e9 de son influence afin que nous recevions les extrusions dans un d\u00e9lai nous permettant d\u2019obtenir le contrat.&nbsp;<\/p>\n<\/div><\/div>\n\n\n\n<div class=\"wp-block-media-text alignwide is-stacked-on-mobile is-style-default\" style=\"grid-template-columns:45% auto\"><figure class=\"wp-block-media-text__media\"><a href=\"https:\/\/www.usherbrooke.ca\/\" target=\"_blank\" rel=\"noreferrer noopener\"><img loading=\"lazy\" decoding=\"async\" width=\"580\" height=\"218\" src=\"https:\/\/remac.ca\/wp-content\/uploads\/2022\/10\/universite-de-sherbrooke-1.png\" alt=\"Logo Universit\u00e9 de Sherbrooke\" class=\"wp-image-453 size-full\" srcset=\"https:\/\/remac.ca\/wp-content\/uploads\/2022\/10\/universite-de-sherbrooke-1.png 580w, https:\/\/remac.ca\/wp-content\/uploads\/2022\/10\/universite-de-sherbrooke-1-300x113.png 300w\" sizes=\"auto, (max-width: 580px) 100vw, 580px\" \/><\/a><\/figure><div class=\"wp-block-media-text__content\">\n<p>Le d\u00e9partement des structures avec les professeurs S\u00e9bastien Langlois et Charles-Philippe Lamarche, ont valid\u00e9 la capacit\u00e9 structurelle par rapport \u00e0 la norme CSA-S37-18 et TIA-222-H ainsi que le d\u00e9ploiement sur le continent nord-am\u00e9ricain<\/p>\n<\/div><\/div>\n\n\n\n<div class=\"wp-block-media-text alignwide is-stacked-on-mobile is-style-default\" style=\"grid-template-columns:45% auto\"><figure class=\"wp-block-media-text__media\"><a href=\"https:\/\/www.cqrda.ca\/\" target=\"_blank\" rel=\"noreferrer noopener\"><img loading=\"lazy\" decoding=\"async\" width=\"580\" height=\"218\" src=\"https:\/\/remac.ca\/wp-content\/uploads\/2022\/10\/cqrda-1.png\" alt=\"Logo Centre qu\u00e9becois de recherche et de d\u00e9veloppement de l'aluminium\" class=\"wp-image-439 size-full\" srcset=\"https:\/\/remac.ca\/wp-content\/uploads\/2022\/10\/cqrda-1.png 580w, https:\/\/remac.ca\/wp-content\/uploads\/2022\/10\/cqrda-1-300x113.png 300w\" sizes=\"auto, (max-width: 580px) 100vw, 580px\" \/><\/a><\/figure><div class=\"wp-block-media-text__content\">\n<p>Maillage entre les diff\u00e9rents partenaires du projet, et expert conseil en recherche et d\u00e9veloppement.<\/p>\n<\/div><\/div>\n\n\n\n<div class=\"wp-block-media-text alignwide is-stacked-on-mobile is-style-default\" style=\"grid-template-columns:45% auto\"><figure class=\"wp-block-media-text__media\"><a href=\"https:\/\/serdex.com\/\" target=\"_blank\" rel=\"noreferrer noopener\"><img loading=\"lazy\" decoding=\"async\" width=\"580\" height=\"218\" src=\"https:\/\/remac.ca\/wp-content\/uploads\/2022\/10\/serdex-international-1.png\" alt=\"Logo Serdex International\" class=\"wp-image-449 size-full\" srcset=\"https:\/\/remac.ca\/wp-content\/uploads\/2022\/10\/serdex-international-1.png 580w, https:\/\/remac.ca\/wp-content\/uploads\/2022\/10\/serdex-international-1-300x113.png 300w\" sizes=\"auto, (max-width: 580px) 100vw, 580px\" \/><\/a><\/figure><div class=\"wp-block-media-text__content\">\n<p>Gestion de la commercialisation ainsi que le d\u00e9marchage aupr\u00e8s des organismes subventionnaires. Soutient avec le d\u00e9ploiement de la strat\u00e9gie num\u00e9rique.<\/p>\n<\/div><\/div>\n\n\n\n<div class=\"wp-block-media-text alignwide is-stacked-on-mobile is-style-default\" style=\"grid-template-columns:45% auto\"><figure class=\"wp-block-media-text__media\"><a href=\"https:\/\/aluquebec.com\/\" target=\"_blank\" rel=\"noreferrer noopener\"><img loading=\"lazy\" decoding=\"async\" width=\"580\" height=\"218\" src=\"https:\/\/remac.ca\/wp-content\/uploads\/2022\/10\/alu-quebec-1.png\" alt=\"Logo AluQu\u00e9bec\" class=\"wp-image-435 size-full\" srcset=\"https:\/\/remac.ca\/wp-content\/uploads\/2022\/10\/alu-quebec-1.png 580w, https:\/\/remac.ca\/wp-content\/uploads\/2022\/10\/alu-quebec-1-300x113.png 300w\" sizes=\"auto, (max-width: 580px) 100vw, 580px\" \/><\/a><\/figure><div class=\"wp-block-media-text__content\">\n<p>Partage de connaissance en lien avec le ph\u00e9nom\u00e8ne de corrosion galvanique.<\/p>\n<\/div><\/div>\n\n\n\n<div class=\"wp-block-media-text alignwide is-stacked-on-mobile is-style-default\" style=\"grid-template-columns:45% auto\"><figure class=\"wp-block-media-text__media\"><a href=\"https:\/\/valuminium.ca\" target=\"_blank\" rel=\"noreferrer noopener\"><img loading=\"lazy\" decoding=\"async\" width=\"580\" height=\"218\" src=\"https:\/\/remac.ca\/wp-content\/uploads\/2022\/10\/societe-de-la-vallee-de-l-aluminium-1.png\" alt=\"Logo Soci\u00e9t\u00e9 de la Vall\u00e9e de l'aluminium\" class=\"wp-image-451 size-full\" srcset=\"https:\/\/remac.ca\/wp-content\/uploads\/2022\/10\/societe-de-la-vallee-de-l-aluminium-1.png 580w, https:\/\/remac.ca\/wp-content\/uploads\/2022\/10\/societe-de-la-vallee-de-l-aluminium-1-300x113.png 300w\" sizes=\"auto, (max-width: 580px) 100vw, 580px\" \/><\/a><\/figure><div class=\"wp-block-media-text__content\">\n<p>La SVA a support\u00e9 financi\u00e8rement le d\u00e9veloppement des projets.<\/p>\n<\/div><\/div>\n\n\n\n<div class=\"wp-block-media-text alignwide is-stacked-on-mobile is-style-default\" style=\"grid-template-columns:45% auto\"><figure class=\"wp-block-media-text__media\"><a href=\"https:\/\/valuminium.ca\" target=\"_blank\" rel=\"noreferrer noopener\"><img loading=\"lazy\" decoding=\"async\" width=\"580\" height=\"218\" src=\"https:\/\/remac.ca\/wp-content\/uploads\/2022\/10\/reseau-trans-al-network-1.png\" alt=\"R\u00e9seau TransAl\" class=\"wp-image-446 size-full\" srcset=\"https:\/\/remac.ca\/wp-content\/uploads\/2022\/10\/reseau-trans-al-network-1.png 580w, https:\/\/remac.ca\/wp-content\/uploads\/2022\/10\/reseau-trans-al-network-1-300x113.png 300w\" sizes=\"auto, (max-width: 580px) 100vw, 580px\" \/><\/a><\/figure><div class=\"wp-block-media-text__content\">\n<p>Trans-Al a offert un support et un accompagnement dans le cadre de modernisation des \u00e9quipements.<\/p>\n<\/div><\/div>\n\n\n\n<div class=\"wp-block-media-text alignwide is-stacked-on-mobile is-style-default\" style=\"grid-template-columns:45% auto\"><figure class=\"wp-block-media-text__media\"><a href=\"https:\/\/aide-tic.com\/\" target=\"_blank\" rel=\"noreferrer noopener\"><img loading=\"lazy\" decoding=\"async\" width=\"580\" height=\"218\" src=\"https:\/\/remac.ca\/wp-content\/uploads\/2022\/10\/aide-tic-1.png\" alt=\"Logo Agence Interr\u00e9gionale de D\u00e9veloppement des Technologies de l'information et des Communications\" class=\"wp-image-433 size-full\" srcset=\"https:\/\/remac.ca\/wp-content\/uploads\/2022\/10\/aide-tic-1.png 580w, https:\/\/remac.ca\/wp-content\/uploads\/2022\/10\/aide-tic-1-300x113.png 300w\" sizes=\"auto, (max-width: 580px) 100vw, 580px\" \/><\/a><\/figure><div class=\"wp-block-media-text__content\">\n<p>Participation financi\u00e8re dans l\u2019\u00e9laboration du prototype initial ainsi que maillage avec Bell<\/p>\n<\/div><\/div>\n\n\n\n<div class=\"wp-block-media-text alignwide is-stacked-on-mobile is-style-default\" style=\"grid-template-columns:45% auto\"><figure class=\"wp-block-media-text__media\"><a href=\"https:\/\/www.investquebec.com\/quebec\/fr\" target=\"_blank\" rel=\"noreferrer noopener\"><img loading=\"lazy\" decoding=\"async\" width=\"580\" height=\"218\" src=\"https:\/\/remac.ca\/wp-content\/uploads\/2022\/10\/investissement-quebec-1.png\" alt=\"Logo Investissement Qu\u00e9bec\" class=\"wp-image-443 size-full\" srcset=\"https:\/\/remac.ca\/wp-content\/uploads\/2022\/10\/investissement-quebec-1.png 580w, https:\/\/remac.ca\/wp-content\/uploads\/2022\/10\/investissement-quebec-1-300x113.png 300w\" sizes=\"auto, (max-width: 580px) 100vw, 580px\" \/><\/a><\/figure><div class=\"wp-block-media-text__content\">\n<p>Participation financi\u00e8re dans le cadre du PSCE et d\u00e9marche \u00e0 l\u2019\u00e9tranger<\/p>\n<\/div><\/div>\n\n\n\n<div class=\"wp-block-media-text alignwide is-stacked-on-mobile is-style-default\" style=\"grid-template-columns:45% auto\"><figure class=\"wp-block-media-text__media\"><a href=\"https:\/\/ceeuqac.ca\/\" target=\"_blank\" rel=\"noreferrer noopener\"><img loading=\"lazy\" decoding=\"async\" width=\"580\" height=\"218\" src=\"https:\/\/remac.ca\/wp-content\/uploads\/2022\/10\/cee-uqac-1.png\" alt=\"Logo Centre d'entrepreneuriat et d'essaimage\" class=\"wp-image-437 size-full\" srcset=\"https:\/\/remac.ca\/wp-content\/uploads\/2022\/10\/cee-uqac-1.png 580w, https:\/\/remac.ca\/wp-content\/uploads\/2022\/10\/cee-uqac-1-300x113.png 300w\" sizes=\"auto, (max-width: 580px) 100vw, 580px\" \/><\/a><\/figure><div class=\"wp-block-media-text__content\">\n<p>Support financier dans le cadre de r\u00e9alisation d&rsquo;\u00e9tudes sur la structure des tours.<\/p>\n<\/div><\/div>\n\n\n\n<div class=\"wp-block-media-text alignwide is-stacked-on-mobile is-style-default\" style=\"grid-template-columns:45% auto\"><figure class=\"wp-block-media-text__media\"><a href=\"https:\/\/www.elkem.com\/\" target=\"_blank\" rel=\"noreferrer noopener\"><img loading=\"lazy\" decoding=\"async\" width=\"580\" height=\"218\" src=\"https:\/\/remac.ca\/wp-content\/uploads\/2022\/10\/elkem-1.png\" alt=\"Logo Elkem\" class=\"wp-image-441 size-full\" srcset=\"https:\/\/remac.ca\/wp-content\/uploads\/2022\/10\/elkem-1.png 580w, https:\/\/remac.ca\/wp-content\/uploads\/2022\/10\/elkem-1-300x113.png 300w\" sizes=\"auto, (max-width: 580px) 100vw, 580px\" \/><\/a><\/figure><div class=\"wp-block-media-text__content\">\n<p>Partenaire de longue date de REMAC, Elkem nous a support\u00e9 tout au long de ce projet.<\/p>\n<\/div><\/div>\n\n\n\n<div class=\"wp-block-media-text alignwide is-stacked-on-mobile is-style-default\" style=\"grid-template-columns:45% auto\"><figure class=\"wp-block-media-text__media\"><a href=\"https:\/\/www.groupegilbert.com\" target=\"_blank\" rel=\"noreferrer noopener\"><img loading=\"lazy\" decoding=\"async\" width=\"580\" height=\"218\" src=\"https:\/\/remac.ca\/wp-content\/uploads\/2022\/10\/groupe-gilbert.png\" alt=\"Logo Groupe Gilbert\" class=\"wp-image-1146 size-full\" srcset=\"https:\/\/remac.ca\/wp-content\/uploads\/2022\/10\/groupe-gilbert.png 580w, https:\/\/remac.ca\/wp-content\/uploads\/2022\/10\/groupe-gilbert-300x113.png 300w\" sizes=\"auto, (max-width: 580px) 100vw, 580px\" \/><\/a><\/figure><div class=\"wp-block-media-text__content\">\n<p>R\u00e9jean, Germain et le Groupe Gilbert soutiennent le projet en d\u00e9pla\u00e7ant une de leur filiale, offrant ainsi \u00e0 REMAC un local plus ad\u00e9quat pour soutenir l\u2019expansion de la fili\u00e8re t\u00e9l\u00e9com.<\/p>\n<\/div><\/div>\n<\/div><\/div>\n","protected":false},"excerpt":{"rendered":"<p>Nos partenaires Rio Tinto a collabor\u00e9 financi\u00e8rement au d\u00e9veloppement des tours 810 Pa par leur fonds Rio Tinto \u00e0 la [&hellip;]<\/p>\n","protected":false},"author":1,"featured_media":0,"parent":0,"menu_order":0,"comment_status":"closed","ping_status":"closed","template":"","meta":{"_coblocks_attr":"","_coblocks_dimensions":"","_coblocks_responsive_height":"","_coblocks_accordion_ie_support":"","inline_featured_image":false,"_uag_custom_page_level_css":"","site-sidebar-layout":"default","site-content-layout":"","ast-site-content-layout":"default","site-content-style":"default","site-sidebar-style":"default","ast-global-header-display":"","ast-banner-title-visibility":"","ast-main-header-display":"","ast-hfb-above-header-display":"","ast-hfb-below-header-display":"","ast-hfb-mobile-header-display":"","site-post-title":"disabled","ast-breadcrumbs-content":"","ast-featured-img":"","footer-sml-layout":"","theme-transparent-header-meta":"","adv-header-id-meta":"","stick-header-meta":"","header-above-stick-meta":"","header-main-stick-meta":"","header-below-stick-meta":"","astra-migrate-meta-layouts":"default","ast-page-background-enabled":"default","ast-page-background-meta":{"desktop":{"background-color":"var(--ast-global-color-4)","background-image":"","background-repeat":"repeat","background-position":"center center","background-size":"auto","background-attachment":"scroll","background-type":"","background-media":"","overlay-type":"","overlay-color":"","overlay-opacity":"","overlay-gradient":""},"tablet":{"background-color":"","background-image":"","background-repeat":"repeat","background-position":"center center","background-size":"auto","background-attachment":"scroll","background-type":"","background-media":"","overlay-type":"","overlay-color":"","overlay-opacity":"","overlay-gradient":""},"mobile":{"background-color":"","background-image":"","background-repeat":"repeat","background-position":"center center","background-size":"auto","background-attachment":"scroll","background-type":"","background-media":"","overlay-type":"","overlay-color":"","overlay-opacity":"","overlay-gradient":""}},"ast-content-background-meta":{"desktop":{"background-color":"var(--ast-global-color-5)","background-image":"","background-repeat":"repeat","background-position":"center center","background-size":"auto","background-attachment":"scroll","background-type":"","background-media":"","overlay-type":"","overlay-color":"","overlay-opacity":"","overlay-gradient":""},"tablet":{"background-color":"var(--ast-global-color-5)","background-image":"","background-repeat":"repeat","background-position":"center center","background-size":"auto","background-attachment":"scroll","background-type":"","background-media":"","overlay-type":"","overlay-color":"","overlay-opacity":"","overlay-gradient":""},"mobile":{"background-color":"var(--ast-global-color-5)","background-image":"","background-repeat":"repeat","background-position":"center center","background-size":"auto","background-attachment":"scroll","background-type":"","background-media":"","overlay-type":"","overlay-color":"","overlay-opacity":"","overlay-gradient":""}},"footnotes":""},"class_list":["post-1537","page","type-page","status-publish","hentry"],"yoast_head":"<!-- This site is optimized with the Yoast SEO plugin v25.9 - https:\/\/yoast.com\/wordpress\/plugins\/seo\/ -->\n<title>Partenaires - REMAC<\/title>\n<meta name=\"robots\" content=\"index, follow, max-snippet:-1, max-image-preview:large, max-video-preview:-1\" \/>\n<link rel=\"canonical\" href=\"https:\/\/remac.ca\/fr\/partenaires\/\" \/>\n<meta property=\"og:locale\" content=\"fr_FR\" \/>\n<meta property=\"og:type\" content=\"article\" \/>\n<meta property=\"og:title\" content=\"Partenaires - REMAC\" \/>\n<meta property=\"og:description\" content=\"Nos partenaires Rio Tinto a collabor\u00e9 financi\u00e8rement au d\u00e9veloppement des tours 810 Pa par leur fonds Rio Tinto \u00e0 la [&hellip;]\" \/>\n<meta property=\"og:url\" content=\"https:\/\/remac.ca\/fr\/partenaires\/\" \/>\n<meta property=\"og:site_name\" content=\"REMAC\" \/>\n<meta property=\"article:publisher\" content=\"https:\/\/www.facebook.com\/remac.ca\" \/>\n<meta property=\"article:modified_time\" content=\"2022-11-18T13:55:54+00:00\" \/>\n<meta property=\"og:image\" content=\"https:\/\/remac.ca\/wp-content\/uploads\/2022\/10\/rio-tinto-2.png\" \/>\n<meta name=\"twitter:card\" content=\"summary_large_image\" \/>\n<meta name=\"twitter:label1\" content=\"Dur\u00e9e de lecture estim\u00e9e\" \/>\n\t<meta name=\"twitter:data1\" content=\"4 minutes\" \/>\n<script type=\"application\/ld+json\" class=\"yoast-schema-graph\">{\"@context\":\"https:\/\/schema.org\",\"@graph\":[{\"@type\":\"WebPage\",\"@id\":\"https:\/\/remac.ca\/fr\/partenaires\/\",\"url\":\"https:\/\/remac.ca\/fr\/partenaires\/\",\"name\":\"Partenaires - REMAC\",\"isPartOf\":{\"@id\":\"https:\/\/remac.ca\/fr\/#website\"},\"primaryImageOfPage\":{\"@id\":\"https:\/\/remac.ca\/fr\/partenaires\/#primaryimage\"},\"image\":{\"@id\":\"https:\/\/remac.ca\/fr\/partenaires\/#primaryimage\"},\"thumbnailUrl\":\"https:\/\/remac.ca\/wp-content\/uploads\/2022\/10\/rio-tinto-2.png\",\"datePublished\":\"2022-10-24T16:37:04+00:00\",\"dateModified\":\"2022-11-18T13:55:54+00:00\",\"breadcrumb\":{\"@id\":\"https:\/\/remac.ca\/fr\/partenaires\/#breadcrumb\"},\"inLanguage\":\"fr-FR\",\"potentialAction\":[{\"@type\":\"ReadAction\",\"target\":[\"https:\/\/remac.ca\/fr\/partenaires\/\"]}]},{\"@type\":\"ImageObject\",\"inLanguage\":\"fr-FR\",\"@id\":\"https:\/\/remac.ca\/fr\/partenaires\/#primaryimage\",\"url\":\"https:\/\/remac.ca\/wp-content\/uploads\/2022\/10\/rio-tinto-2.png\",\"contentUrl\":\"https:\/\/remac.ca\/wp-content\/uploads\/2022\/10\/rio-tinto-2.png\"},{\"@type\":\"BreadcrumbList\",\"@id\":\"https:\/\/remac.ca\/fr\/partenaires\/#breadcrumb\",\"itemListElement\":[{\"@type\":\"ListItem\",\"position\":1,\"name\":\"Home\",\"item\":\"https:\/\/remac.ca\/fr\/\"},{\"@type\":\"ListItem\",\"position\":2,\"name\":\"Partenaires\"}]},{\"@type\":\"WebSite\",\"@id\":\"https:\/\/remac.ca\/fr\/#website\",\"url\":\"https:\/\/remac.ca\/fr\/\",\"name\":\"REMAC\",\"description\":\"L&#039;aluminium pour des pyl\u00f4nes \u00e0 valeur ajout\u00e9e\",\"publisher\":{\"@id\":\"https:\/\/remac.ca\/fr\/#organization\"},\"potentialAction\":[{\"@type\":\"SearchAction\",\"target\":{\"@type\":\"EntryPoint\",\"urlTemplate\":\"https:\/\/remac.ca\/fr\/?s={search_term_string}\"},\"query-input\":{\"@type\":\"PropertyValueSpecification\",\"valueRequired\":true,\"valueName\":\"search_term_string\"}}],\"inLanguage\":\"fr-FR\"},{\"@type\":\"Organization\",\"@id\":\"https:\/\/remac.ca\/fr\/#organization\",\"name\":\"REMAC\",\"url\":\"https:\/\/remac.ca\/fr\/\",\"logo\":{\"@type\":\"ImageObject\",\"inLanguage\":\"fr-FR\",\"@id\":\"https:\/\/remac.ca\/fr\/#\/schema\/logo\/image\/\",\"url\":\"https:\/\/remac.ca\/wp-content\/uploads\/2022\/09\/logo-scaled.png\",\"contentUrl\":\"https:\/\/remac.ca\/wp-content\/uploads\/2022\/09\/logo-scaled.png\",\"width\":2700,\"height\":990,\"caption\":\"REMAC\"},\"image\":{\"@id\":\"https:\/\/remac.ca\/fr\/#\/schema\/logo\/image\/\"},\"sameAs\":[\"https:\/\/www.facebook.com\/remac.ca\",\"https:\/\/www.linkedin.com\/company\/remac-innovation\"]}]}<\/script>\n<!-- \/ Yoast SEO plugin. -->","yoast_head_json":{"title":"Partenaires - REMAC","robots":{"index":"index","follow":"follow","max-snippet":"max-snippet:-1","max-image-preview":"max-image-preview:large","max-video-preview":"max-video-preview:-1"},"canonical":"https:\/\/remac.ca\/fr\/partenaires\/","og_locale":"fr_FR","og_type":"article","og_title":"Partenaires - REMAC","og_description":"Nos partenaires Rio Tinto a collabor\u00e9 financi\u00e8rement au d\u00e9veloppement des tours 810 Pa par leur fonds Rio Tinto \u00e0 la [&hellip;]","og_url":"https:\/\/remac.ca\/fr\/partenaires\/","og_site_name":"REMAC","article_publisher":"https:\/\/www.facebook.com\/remac.ca","article_modified_time":"2022-11-18T13:55:54+00:00","og_image":[{"url":"https:\/\/remac.ca\/wp-content\/uploads\/2022\/10\/rio-tinto-2.png","type":"","width":"","height":""}],"twitter_card":"summary_large_image","twitter_misc":{"Dur\u00e9e de lecture estim\u00e9e":"4 minutes"},"schema":{"@context":"https:\/\/schema.org","@graph":[{"@type":"WebPage","@id":"https:\/\/remac.ca\/fr\/partenaires\/","url":"https:\/\/remac.ca\/fr\/partenaires\/","name":"Partenaires - REMAC","isPartOf":{"@id":"https:\/\/remac.ca\/fr\/#website"},"primaryImageOfPage":{"@id":"https:\/\/remac.ca\/fr\/partenaires\/#primaryimage"},"image":{"@id":"https:\/\/remac.ca\/fr\/partenaires\/#primaryimage"},"thumbnailUrl":"https:\/\/remac.ca\/wp-content\/uploads\/2022\/10\/rio-tinto-2.png","datePublished":"2022-10-24T16:37:04+00:00","dateModified":"2022-11-18T13:55:54+00:00","breadcrumb":{"@id":"https:\/\/remac.ca\/fr\/partenaires\/#breadcrumb"},"inLanguage":"fr-FR","potentialAction":[{"@type":"ReadAction","target":["https:\/\/remac.ca\/fr\/partenaires\/"]}]},{"@type":"ImageObject","inLanguage":"fr-FR","@id":"https:\/\/remac.ca\/fr\/partenaires\/#primaryimage","url":"https:\/\/remac.ca\/wp-content\/uploads\/2022\/10\/rio-tinto-2.png","contentUrl":"https:\/\/remac.ca\/wp-content\/uploads\/2022\/10\/rio-tinto-2.png"},{"@type":"BreadcrumbList","@id":"https:\/\/remac.ca\/fr\/partenaires\/#breadcrumb","itemListElement":[{"@type":"ListItem","position":1,"name":"Home","item":"https:\/\/remac.ca\/fr\/"},{"@type":"ListItem","position":2,"name":"Partenaires"}]},{"@type":"WebSite","@id":"https:\/\/remac.ca\/fr\/#website","url":"https:\/\/remac.ca\/fr\/","name":"REMAC","description":"L&#039;aluminium pour des pyl\u00f4nes \u00e0 valeur ajout\u00e9e","publisher":{"@id":"https:\/\/remac.ca\/fr\/#organization"},"potentialAction":[{"@type":"SearchAction","target":{"@type":"EntryPoint","urlTemplate":"https:\/\/remac.ca\/fr\/?s={search_term_string}"},"query-input":{"@type":"PropertyValueSpecification","valueRequired":true,"valueName":"search_term_string"}}],"inLanguage":"fr-FR"},{"@type":"Organization","@id":"https:\/\/remac.ca\/fr\/#organization","name":"REMAC","url":"https:\/\/remac.ca\/fr\/","logo":{"@type":"ImageObject","inLanguage":"fr-FR","@id":"https:\/\/remac.ca\/fr\/#\/schema\/logo\/image\/","url":"https:\/\/remac.ca\/wp-content\/uploads\/2022\/09\/logo-scaled.png","contentUrl":"https:\/\/remac.ca\/wp-content\/uploads\/2022\/09\/logo-scaled.png","width":2700,"height":990,"caption":"REMAC"},"image":{"@id":"https:\/\/remac.ca\/fr\/#\/schema\/logo\/image\/"},"sameAs":["https:\/\/www.facebook.com\/remac.ca","https:\/\/www.linkedin.com\/company\/remac-innovation"]}]}},"uagb_featured_image_src":{"full":false,"thumbnail":false,"medium":false,"medium_large":false,"large":false,"1536x1536":false,"2048x2048":false,"gform-image-choice-sm":false,"gform-image-choice-md":false,"gform-image-choice-lg":false},"uagb_author_info":{"display_name":"admin-remac","author_link":"https:\/\/remac.ca\/fr\/author\/admin-remac\/"},"uagb_comment_info":0,"uagb_excerpt":"Nos partenaires Rio Tinto a collabor\u00e9 financi\u00e8rement au d\u00e9veloppement des tours 810 Pa par leur fonds Rio Tinto \u00e0 la [&hellip;]","_links":{"self":[{"href":"https:\/\/remac.ca\/fr\/wp-json\/wp\/v2\/pages\/1537","targetHints":{"allow":["GET"]}}],"collection":[{"href":"https:\/\/remac.ca\/fr\/wp-json\/wp\/v2\/pages"}],"about":[{"href":"https:\/\/remac.ca\/fr\/wp-json\/wp\/v2\/types\/page"}],"author":[{"embeddable":true,"href":"https:\/\/remac.ca\/fr\/wp-json\/wp\/v2\/users\/1"}],"replies":[{"embeddable":true,"href":"https:\/\/remac.ca\/fr\/wp-json\/wp\/v2\/comments?post=1537"}],"version-history":[{"count":6,"href":"https:\/\/remac.ca\/fr\/wp-json\/wp\/v2\/pages\/1537\/revisions"}],"predecessor-version":[{"id":1739,"href":"https:\/\/remac.ca\/fr\/wp-json\/wp\/v2\/pages\/1537\/revisions\/1739"}],"wp:attachment":[{"href":"https:\/\/remac.ca\/fr\/wp-json\/wp\/v2\/media?parent=1537"}],"curies":[{"name":"wp","href":"https:\/\/api.w.org\/{rel}","templated":true}]}}