{"id":1993,"date":"2023-01-05T15:08:21","date_gmt":"2023-01-05T20:08:21","guid":{"rendered":"https:\/\/remac.ca\/?page_id=1993"},"modified":"2023-01-05T15:39:22","modified_gmt":"2023-01-05T20:39:22","slug":"videotheque-remac","status":"publish","type":"page","link":"https:\/\/remac.ca\/fr\/videotheque-remac\/","title":{"rendered":"Vid\u00e9oth\u00e8que REMAC"},"content":{"rendered":"\n<div class=\"wp-block-uagb-container uagb-block-900af2cc alignfull uagb-is-root-container\"><div class=\"uagb-container-inner-blocks-wrap\">\n<h3 class=\"has-ast-global-color-0-color has-text-color wp-block-heading\">Vid\u00e9oth\u00e8que REMAC<\/h3>\n\n\n\n<div class=\"wp-block-uagb-container uagb-block-a9f42920\">\n<figure class=\"wp-block-embed is-type-video is-provider-youtube wp-block-embed-youtube wp-embed-aspect-16-9 wp-has-aspect-ratio\"><div class=\"wp-block-embed__wrapper\">\n<div class=\"ast-oembed-container \" style=\"height: 100%;\"><iframe loading=\"lazy\" title=\"INSTALLATION TOUR D&#039;ALUMINIUM (Avantages)\" width=\"500\" height=\"281\" src=\"https:\/\/www.youtube.com\/embed\/-PWZwvLCejg?feature=oembed\" frameborder=\"0\" allow=\"accelerometer; autoplay; clipboard-write; encrypted-media; gyroscope; picture-in-picture; web-share\" referrerpolicy=\"strict-origin-when-cross-origin\" allowfullscreen><\/iframe><\/div>\n<\/div><figcaption class=\"wp-element-caption\"><strong>Installation <a href=\"https:\/\/remac.ca\/fr\/pylones-aluminium\/\">pyl\u00f4ne en aluminium<\/a> 30m (80pi)<\/strong><\/figcaption><\/figure>\n<\/div>\n\n\n\n<div class=\"wp-block-uagb-container uagb-block-27167754\">\n<figure class=\"wp-block-embed is-type-video is-provider-youtube wp-block-embed-youtube wp-embed-aspect-16-9 wp-has-aspect-ratio\"><div class=\"wp-block-embed__wrapper\">\n<div class=\"ast-oembed-container \" style=\"height: 100%;\"><iframe loading=\"lazy\" title=\"Capsule REMAC - Tours de t\u00e9l\u00e9communication en aluminium\" width=\"500\" height=\"281\" src=\"https:\/\/www.youtube.com\/embed\/nzb8f9Ws2IU?feature=oembed\" frameborder=\"0\" allow=\"accelerometer; autoplay; clipboard-write; encrypted-media; gyroscope; picture-in-picture; web-share\" referrerpolicy=\"strict-origin-when-cross-origin\" allowfullscreen><\/iframe><\/div>\n<\/div><figcaption class=\"wp-element-caption\"><strong>Les b\u00e9n\u00e9fices des <a href=\"https:\/\/remac.ca\/fr\/pylones-aluminium\/\">pyl\u00f4nes en aluminium<\/a><\/strong><\/figcaption><\/figure>\n<\/div>\n\n\n\n<div class=\"wp-block-uagb-container uagb-block-ef5e4ef4\">\n<figure class=\"wp-block-embed is-type-video is-provider-youtube wp-block-embed-youtube wp-embed-aspect-16-9 wp-has-aspect-ratio\"><div class=\"wp-block-embed__wrapper\">\n<div class=\"ast-oembed-container \" style=\"height: 100%;\"><iframe loading=\"lazy\" title=\"REMAC Aluminum Tower Install Part 1\" width=\"500\" height=\"281\" src=\"https:\/\/www.youtube.com\/embed\/-jGCL_oJhtk?feature=oembed\" frameborder=\"0\" allow=\"accelerometer; autoplay; clipboard-write; encrypted-media; gyroscope; picture-in-picture; web-share\" referrerpolicy=\"strict-origin-when-cross-origin\" allowfullscreen><\/iframe><\/div>\n<\/div><figcaption class=\"wp-element-caption\"><strong>Installation<a href=\"https:\/\/remac.ca\/aluminum-towers\/\"> <\/a><a href=\"https:\/\/remac.ca\/fr\/pylones-aluminium\/\">pyl\u00f4ne aluminium<\/a> &#8211; Temps r\u00e9el<\/strong><\/figcaption><\/figure>\n<\/div>\n\n\n\n<div class=\"wp-block-uagb-container uagb-block-7042ee8c\">\n<figure class=\"wp-block-embed is-type-video is-provider-youtube wp-block-embed-youtube wp-embed-aspect-4-3 wp-has-aspect-ratio\"><div class=\"wp-block-embed__wrapper\">\n<div class=\"ast-oembed-container \" style=\"height: 100%;\"><iframe loading=\"lazy\" title=\"Archives REMAC. Inauguration de la marina de St-F\u00e9licien\" width=\"500\" height=\"375\" src=\"https:\/\/www.youtube.com\/embed\/6qwXmJIWnbQ?feature=oembed\" frameborder=\"0\" allow=\"accelerometer; autoplay; clipboard-write; encrypted-media; gyroscope; picture-in-picture; web-share\" referrerpolicy=\"strict-origin-when-cross-origin\" allowfullscreen><\/iframe><\/div>\n<\/div><figcaption class=\"wp-element-caption\"><strong>Archives &#8211; Inauguration marina St-F\u00e9licien <\/strong><\/figcaption><\/figure>\n<\/div>\n\n\n\n<div class=\"wp-block-uagb-container uagb-block-73b85862\">\n<figure class=\"wp-block-embed is-type-video is-provider-youtube wp-block-embed-youtube wp-embed-aspect-4-3 wp-has-aspect-ratio\"><div class=\"wp-block-embed__wrapper\">\n<div class=\"ast-oembed-container \" style=\"height: 100%;\"><iframe loading=\"lazy\" title=\"Archives REMAC. Installation de la Pyramide des Ha! Ha! (Reportage)\" width=\"500\" height=\"375\" src=\"https:\/\/www.youtube.com\/embed\/XNedFEleN6E?feature=oembed\" frameborder=\"0\" allow=\"accelerometer; autoplay; clipboard-write; encrypted-media; gyroscope; picture-in-picture; web-share\" referrerpolicy=\"strict-origin-when-cross-origin\" allowfullscreen><\/iframe><\/div>\n<\/div><figcaption class=\"wp-element-caption\"><strong>Archives &#8211; Pyramide des Ha! Ha!<\/strong><\/figcaption><\/figure>\n<\/div>\n\n\n\n<div class=\"wp-block-uagb-call-to-action uagb-block-1d6b8d78 wp-block-button\"><div class=\"uagb-cta__wrap\"><h3 class=\"uagb-cta__title\">\u00c9galement disponible sur notre cha\u00eene YouTube<\/h3><p class=\"uagb-cta__desc\"><em>Abonnez-vous \u00e0 notre cha\u00eene si vous souhaitez recevoir les derni\u00e8res mises \u00e0 jour.<\/em><\/p><\/div><div class=\"uagb-cta__buttons\"><a href=\"https:\/\/www.youtube.com\/@RemacAluminumTowers\" class=\"uagb-cta__button-link-wrapper wp-block-button__link\" target=\"_self\" rel=\"noopener noreferrer\">Cha\u00eene YouTube<svg xmlns=\"https:\/\/www.w3.org\/2000\/svg\" viewBox=\"0 0 576 512\"><path d=\"M384 112v288c0 26.51-21.49 48-48 48h-288c-26.51 0-48-21.49-48-48v-288c0-26.51 21.49-48 48-48h288C362.5 64 384 85.49 384 112zM576 127.5v256.9c0 25.5-29.17 40.39-50.39 25.79L416 334.7V177.3l109.6-75.56C546.9 87.13 576 102.1 576 127.5z\"><\/path><\/svg><\/a><\/div><\/div>\n<\/div><\/div>\n","protected":false},"excerpt":{"rendered":"<p>Vid\u00e9oth\u00e8que REMAC<\/p>\n","protected":false},"author":1,"featured_media":1983,"parent":0,"menu_order":0,"comment_status":"closed","ping_status":"closed","template":"","meta":{"_coblocks_attr":"","_coblocks_dimensions":"","_coblocks_responsive_height":"","_coblocks_accordion_ie_support":"","inline_featured_image":false,"_uag_custom_page_level_css":"","site-sidebar-layout":"default","site-content-layout":"","ast-site-content-layout":"default","site-content-style":"default","site-sidebar-style":"default","ast-global-header-display":"","ast-banner-title-visibility":"","ast-main-header-display":"","ast-hfb-above-header-display":"","ast-hfb-below-header-display":"","ast-hfb-mobile-header-display":"","site-post-title":"disabled","ast-breadcrumbs-content":"","ast-featured-img":"disabled","footer-sml-layout":"","theme-transparent-header-meta":"","adv-header-id-meta":"","stick-header-meta":"","header-above-stick-meta":"","header-main-stick-meta":"","header-below-stick-meta":"","astra-migrate-meta-layouts":"default","ast-page-background-enabled":"default","ast-page-background-meta":{"desktop":{"background-color":"var(--ast-global-color-4)","background-image":"","background-repeat":"repeat","background-position":"center center","background-size":"auto","background-attachment":"scroll","background-type":"","background-media":"","overlay-type":"","overlay-color":"","overlay-opacity":"","overlay-gradient":""},"tablet":{"background-color":"","background-image":"","background-repeat":"repeat","background-position":"center center","background-size":"auto","background-attachment":"scroll","background-type":"","background-media":"","overlay-type":"","overlay-color":"","overlay-opacity":"","overlay-gradient":""},"mobile":{"background-color":"","background-image":"","background-repeat":"repeat","background-position":"center center","background-size":"auto","background-attachment":"scroll","background-type":"","background-media":"","overlay-type":"","overlay-color":"","overlay-opacity":"","overlay-gradient":""}},"ast-content-background-meta":{"desktop":{"background-color":"var(--ast-global-color-5)","background-image":"","background-repeat":"repeat","background-position":"center center","background-size":"auto","background-attachment":"scroll","background-type":"","background-media":"","overlay-type":"","overlay-color":"","overlay-opacity":"","overlay-gradient":""},"tablet":{"background-color":"var(--ast-global-color-5)","background-image":"","background-repeat":"repeat","background-position":"center center","background-size":"auto","background-attachment":"scroll","background-type":"","background-media":"","overlay-type":"","overlay-color":"","overlay-opacity":"","overlay-gradient":""},"mobile":{"background-color":"var(--ast-global-color-5)","background-image":"","background-repeat":"repeat","background-position":"center center","background-size":"auto","background-attachment":"scroll","background-type":"","background-media":"","overlay-type":"","overlay-color":"","overlay-opacity":"","overlay-gradient":""}},"footnotes":""},"class_list":["post-1993","page","type-page","status-publish","has-post-thumbnail","hentry"],"yoast_head":"<!-- This site is optimized with the Yoast SEO plugin v25.9 - https:\/\/yoast.com\/wordpress\/plugins\/seo\/ -->\n<title>Vid\u00e9oth\u00e8que REMAC<\/title>\n<meta name=\"description\" content=\"Voici la vid\u00e9oth\u00e8que REMAC, l\u00e0 o\u00f9 vous pouvez retrouver toutes les vid\u00e9os de l&#039;entreprise. Vous pourrez facilement y retrouver tout le contenu\" \/>\n<meta name=\"robots\" content=\"index, follow, max-snippet:-1, max-image-preview:large, max-video-preview:-1\" \/>\n<link rel=\"canonical\" href=\"https:\/\/remac.ca\/fr\/videotheque-remac\/\" \/>\n<meta property=\"og:locale\" content=\"fr_FR\" \/>\n<meta property=\"og:type\" content=\"article\" \/>\n<meta property=\"og:title\" content=\"Vid\u00e9oth\u00e8que REMAC\" \/>\n<meta property=\"og:description\" content=\"Voici la vid\u00e9oth\u00e8que REMAC, l\u00e0 o\u00f9 vous pouvez retrouver toutes les vid\u00e9os de l&#039;entreprise. Vous pourrez facilement y retrouver tout le contenu\" \/>\n<meta property=\"og:url\" content=\"https:\/\/remac.ca\/fr\/videotheque-remac\/\" \/>\n<meta property=\"og:site_name\" content=\"REMAC\" \/>\n<meta property=\"article:publisher\" content=\"https:\/\/www.facebook.com\/remac.ca\" \/>\n<meta property=\"article:modified_time\" content=\"2023-01-05T20:39:22+00:00\" \/>\n<meta property=\"og:image\" content=\"https:\/\/remac.ca\/wp-content\/uploads\/2023\/01\/Copy-of-Thumbnail-Capsule-EN.jpg\" \/>\n\t<meta property=\"og:image:width\" content=\"1280\" \/>\n\t<meta property=\"og:image:height\" content=\"720\" \/>\n\t<meta property=\"og:image:type\" content=\"image\/jpeg\" \/>\n<meta name=\"twitter:card\" content=\"summary_large_image\" \/>\n<meta name=\"twitter:label1\" content=\"Dur\u00e9e de lecture estim\u00e9e\" \/>\n\t<meta name=\"twitter:data1\" content=\"1 minute\" \/>\n<script type=\"application\/ld+json\" class=\"yoast-schema-graph\">{\"@context\":\"https:\/\/schema.org\",\"@graph\":[{\"@type\":\"WebPage\",\"@id\":\"https:\/\/remac.ca\/fr\/videotheque-remac\/\",\"url\":\"https:\/\/remac.ca\/fr\/videotheque-remac\/\",\"name\":\"Vid\u00e9oth\u00e8que REMAC\",\"isPartOf\":{\"@id\":\"https:\/\/remac.ca\/fr\/#website\"},\"primaryImageOfPage\":{\"@id\":\"https:\/\/remac.ca\/fr\/videotheque-remac\/#primaryimage\"},\"image\":{\"@id\":\"https:\/\/remac.ca\/fr\/videotheque-remac\/#primaryimage\"},\"thumbnailUrl\":\"https:\/\/remac.ca\/wp-content\/uploads\/2023\/01\/Copy-of-Thumbnail-Capsule-EN.jpg\",\"datePublished\":\"2023-01-05T20:08:21+00:00\",\"dateModified\":\"2023-01-05T20:39:22+00:00\",\"description\":\"Voici la vid\u00e9oth\u00e8que REMAC, l\u00e0 o\u00f9 vous pouvez retrouver toutes les vid\u00e9os de l'entreprise. Vous pourrez facilement y retrouver tout le contenu\",\"breadcrumb\":{\"@id\":\"https:\/\/remac.ca\/fr\/videotheque-remac\/#breadcrumb\"},\"inLanguage\":\"fr-FR\",\"potentialAction\":[{\"@type\":\"ReadAction\",\"target\":[\"https:\/\/remac.ca\/fr\/videotheque-remac\/\"]}]},{\"@type\":\"ImageObject\",\"inLanguage\":\"fr-FR\",\"@id\":\"https:\/\/remac.ca\/fr\/videotheque-remac\/#primaryimage\",\"url\":\"https:\/\/remac.ca\/wp-content\/uploads\/2023\/01\/Copy-of-Thumbnail-Capsule-EN.jpg\",\"contentUrl\":\"https:\/\/remac.ca\/wp-content\/uploads\/2023\/01\/Copy-of-Thumbnail-Capsule-EN.jpg\",\"width\":1280,\"height\":720,\"caption\":\"Remac Video THumbnail\"},{\"@type\":\"BreadcrumbList\",\"@id\":\"https:\/\/remac.ca\/fr\/videotheque-remac\/#breadcrumb\",\"itemListElement\":[{\"@type\":\"ListItem\",\"position\":1,\"name\":\"Home\",\"item\":\"https:\/\/remac.ca\/fr\/\"},{\"@type\":\"ListItem\",\"position\":2,\"name\":\"Vid\u00e9oth\u00e8que REMAC\"}]},{\"@type\":\"WebSite\",\"@id\":\"https:\/\/remac.ca\/fr\/#website\",\"url\":\"https:\/\/remac.ca\/fr\/\",\"name\":\"REMAC\",\"description\":\"L&#039;aluminium pour des pyl\u00f4nes \u00e0 valeur ajout\u00e9e\",\"publisher\":{\"@id\":\"https:\/\/remac.ca\/fr\/#organization\"},\"potentialAction\":[{\"@type\":\"SearchAction\",\"target\":{\"@type\":\"EntryPoint\",\"urlTemplate\":\"https:\/\/remac.ca\/fr\/?s={search_term_string}\"},\"query-input\":{\"@type\":\"PropertyValueSpecification\",\"valueRequired\":true,\"valueName\":\"search_term_string\"}}],\"inLanguage\":\"fr-FR\"},{\"@type\":\"Organization\",\"@id\":\"https:\/\/remac.ca\/fr\/#organization\",\"name\":\"REMAC\",\"url\":\"https:\/\/remac.ca\/fr\/\",\"logo\":{\"@type\":\"ImageObject\",\"inLanguage\":\"fr-FR\",\"@id\":\"https:\/\/remac.ca\/fr\/#\/schema\/logo\/image\/\",\"url\":\"https:\/\/remac.ca\/wp-content\/uploads\/2022\/09\/logo-scaled.png\",\"contentUrl\":\"https:\/\/remac.ca\/wp-content\/uploads\/2022\/09\/logo-scaled.png\",\"width\":2700,\"height\":990,\"caption\":\"REMAC\"},\"image\":{\"@id\":\"https:\/\/remac.ca\/fr\/#\/schema\/logo\/image\/\"},\"sameAs\":[\"https:\/\/www.facebook.com\/remac.ca\",\"https:\/\/www.linkedin.com\/company\/remac-innovation\"]}]}<\/script>\n<!-- \/ Yoast SEO plugin. -->","yoast_head_json":{"title":"Vid\u00e9oth\u00e8que REMAC","description":"Voici la vid\u00e9oth\u00e8que REMAC, l\u00e0 o\u00f9 vous pouvez retrouver toutes les vid\u00e9os de l'entreprise. Vous pourrez facilement y retrouver tout le contenu","robots":{"index":"index","follow":"follow","max-snippet":"max-snippet:-1","max-image-preview":"max-image-preview:large","max-video-preview":"max-video-preview:-1"},"canonical":"https:\/\/remac.ca\/fr\/videotheque-remac\/","og_locale":"fr_FR","og_type":"article","og_title":"Vid\u00e9oth\u00e8que REMAC","og_description":"Voici la vid\u00e9oth\u00e8que REMAC, l\u00e0 o\u00f9 vous pouvez retrouver toutes les vid\u00e9os de l'entreprise. Vous pourrez facilement y retrouver tout le contenu","og_url":"https:\/\/remac.ca\/fr\/videotheque-remac\/","og_site_name":"REMAC","article_publisher":"https:\/\/www.facebook.com\/remac.ca","article_modified_time":"2023-01-05T20:39:22+00:00","og_image":[{"width":1280,"height":720,"url":"https:\/\/remac.ca\/wp-content\/uploads\/2023\/01\/Copy-of-Thumbnail-Capsule-EN.jpg","type":"image\/jpeg"}],"twitter_card":"summary_large_image","twitter_misc":{"Dur\u00e9e de lecture estim\u00e9e":"1 minute"},"schema":{"@context":"https:\/\/schema.org","@graph":[{"@type":"WebPage","@id":"https:\/\/remac.ca\/fr\/videotheque-remac\/","url":"https:\/\/remac.ca\/fr\/videotheque-remac\/","name":"Vid\u00e9oth\u00e8que REMAC","isPartOf":{"@id":"https:\/\/remac.ca\/fr\/#website"},"primaryImageOfPage":{"@id":"https:\/\/remac.ca\/fr\/videotheque-remac\/#primaryimage"},"image":{"@id":"https:\/\/remac.ca\/fr\/videotheque-remac\/#primaryimage"},"thumbnailUrl":"https:\/\/remac.ca\/wp-content\/uploads\/2023\/01\/Copy-of-Thumbnail-Capsule-EN.jpg","datePublished":"2023-01-05T20:08:21+00:00","dateModified":"2023-01-05T20:39:22+00:00","description":"Voici la vid\u00e9oth\u00e8que REMAC, l\u00e0 o\u00f9 vous pouvez retrouver toutes les vid\u00e9os de l'entreprise. Vous pourrez facilement y retrouver tout le contenu","breadcrumb":{"@id":"https:\/\/remac.ca\/fr\/videotheque-remac\/#breadcrumb"},"inLanguage":"fr-FR","potentialAction":[{"@type":"ReadAction","target":["https:\/\/remac.ca\/fr\/videotheque-remac\/"]}]},{"@type":"ImageObject","inLanguage":"fr-FR","@id":"https:\/\/remac.ca\/fr\/videotheque-remac\/#primaryimage","url":"https:\/\/remac.ca\/wp-content\/uploads\/2023\/01\/Copy-of-Thumbnail-Capsule-EN.jpg","contentUrl":"https:\/\/remac.ca\/wp-content\/uploads\/2023\/01\/Copy-of-Thumbnail-Capsule-EN.jpg","width":1280,"height":720,"caption":"Remac Video THumbnail"},{"@type":"BreadcrumbList","@id":"https:\/\/remac.ca\/fr\/videotheque-remac\/#breadcrumb","itemListElement":[{"@type":"ListItem","position":1,"name":"Home","item":"https:\/\/remac.ca\/fr\/"},{"@type":"ListItem","position":2,"name":"Vid\u00e9oth\u00e8que REMAC"}]},{"@type":"WebSite","@id":"https:\/\/remac.ca\/fr\/#website","url":"https:\/\/remac.ca\/fr\/","name":"REMAC","description":"L&#039;aluminium pour des pyl\u00f4nes \u00e0 valeur ajout\u00e9e","publisher":{"@id":"https:\/\/remac.ca\/fr\/#organization"},"potentialAction":[{"@type":"SearchAction","target":{"@type":"EntryPoint","urlTemplate":"https:\/\/remac.ca\/fr\/?s={search_term_string}"},"query-input":{"@type":"PropertyValueSpecification","valueRequired":true,"valueName":"search_term_string"}}],"inLanguage":"fr-FR"},{"@type":"Organization","@id":"https:\/\/remac.ca\/fr\/#organization","name":"REMAC","url":"https:\/\/remac.ca\/fr\/","logo":{"@type":"ImageObject","inLanguage":"fr-FR","@id":"https:\/\/remac.ca\/fr\/#\/schema\/logo\/image\/","url":"https:\/\/remac.ca\/wp-content\/uploads\/2022\/09\/logo-scaled.png","contentUrl":"https:\/\/remac.ca\/wp-content\/uploads\/2022\/09\/logo-scaled.png","width":2700,"height":990,"caption":"REMAC"},"image":{"@id":"https:\/\/remac.ca\/fr\/#\/schema\/logo\/image\/"},"sameAs":["https:\/\/www.facebook.com\/remac.ca","https:\/\/www.linkedin.com\/company\/remac-innovation"]}]}},"uagb_featured_image_src":{"full":["https:\/\/remac.ca\/wp-content\/uploads\/2023\/01\/Copy-of-Thumbnail-Capsule-EN.jpg",1280,720,false],"thumbnail":["https:\/\/remac.ca\/wp-content\/uploads\/2023\/01\/Copy-of-Thumbnail-Capsule-EN-150x150.jpg",150,150,true],"medium":["https:\/\/remac.ca\/wp-content\/uploads\/2023\/01\/Copy-of-Thumbnail-Capsule-EN-300x169.jpg",300,169,true],"medium_large":["https:\/\/remac.ca\/wp-content\/uploads\/2023\/01\/Copy-of-Thumbnail-Capsule-EN-768x432.jpg",768,432,true],"large":["https:\/\/remac.ca\/wp-content\/uploads\/2023\/01\/Copy-of-Thumbnail-Capsule-EN-1024x576.jpg",1024,576,true],"1536x1536":["https:\/\/remac.ca\/wp-content\/uploads\/2023\/01\/Copy-of-Thumbnail-Capsule-EN.jpg",1280,720,false],"2048x2048":["https:\/\/remac.ca\/wp-content\/uploads\/2023\/01\/Copy-of-Thumbnail-Capsule-EN.jpg",1280,720,false],"gform-image-choice-sm":["https:\/\/remac.ca\/wp-content\/uploads\/2023\/01\/Copy-of-Thumbnail-Capsule-EN.jpg",300,169,false],"gform-image-choice-md":["https:\/\/remac.ca\/wp-content\/uploads\/2023\/01\/Copy-of-Thumbnail-Capsule-EN.jpg",400,225,false],"gform-image-choice-lg":["https:\/\/remac.ca\/wp-content\/uploads\/2023\/01\/Copy-of-Thumbnail-Capsule-EN.jpg",600,338,false]},"uagb_author_info":{"display_name":"admin-remac","author_link":"https:\/\/remac.ca\/fr\/author\/admin-remac\/"},"uagb_comment_info":0,"uagb_excerpt":"Vid\u00e9oth\u00e8que REMAC","_links":{"self":[{"href":"https:\/\/remac.ca\/fr\/wp-json\/wp\/v2\/pages\/1993","targetHints":{"allow":["GET"]}}],"collection":[{"href":"https:\/\/remac.ca\/fr\/wp-json\/wp\/v2\/pages"}],"about":[{"href":"https:\/\/remac.ca\/fr\/wp-json\/wp\/v2\/types\/page"}],"author":[{"embeddable":true,"href":"https:\/\/remac.ca\/fr\/wp-json\/wp\/v2\/users\/1"}],"replies":[{"embeddable":true,"href":"https:\/\/remac.ca\/fr\/wp-json\/wp\/v2\/comments?post=1993"}],"version-history":[{"count":7,"href":"https:\/\/remac.ca\/fr\/wp-json\/wp\/v2\/pages\/1993\/revisions"}],"predecessor-version":[{"id":16437,"href":"https:\/\/remac.ca\/fr\/wp-json\/wp\/v2\/pages\/1993\/revisions\/16437"}],"wp:featuredmedia":[{"embeddable":true,"href":"https:\/\/remac.ca\/fr\/wp-json\/wp\/v2\/media\/1983"}],"wp:attachment":[{"href":"https:\/\/remac.ca\/fr\/wp-json\/wp\/v2\/media?parent=1993"}],"curies":[{"name":"wp","href":"https:\/\/api.w.org\/{rel}","templated":true}]}}