{"id":2106,"date":"2023-10-30T20:46:13","date_gmt":"2023-10-31T01:46:13","guid":{"rendered":"https:\/\/remac.ca\/?page_id=2106"},"modified":"2023-10-30T20:52:35","modified_gmt":"2023-10-31T01:52:35","slug":"politique-de-confidentialite","status":"publish","type":"page","link":"https:\/\/remac.ca\/fr\/politique-de-confidentialite\/","title":{"rendered":"Politique de confidentialit\u00e9"},"content":{"rendered":"\n<div class=\"page_confi\"><p><strong>Introduction<\/strong><\/p><p>Devant le d\u00e9veloppement des nouveaux outils de communication, il est n\u00e9cessaire de porter une attention particuli\u00e8re \u00e0 la protection de la vie priv\u00e9e. C\u2019est pourquoi, nous nous engageons \u00e0 respecter la confidentialit\u00e9 des renseignements personnels que nous collectons.<\/p><h2>Collecte des renseignements personnels<\/h2><ul><li>Pr\u00e9nom, nom<\/li><li>Adresse \u00e9lectronique<\/li><li>Nom de compagnie<\/li>\n<li>Num\u00e9ro de t\u00e9l\u00e9phone<\/li><\/ul><p>Les renseignements personnels que nous collectons sont recueillis au travers de formulaires et gr\u00e2ce \u00e0 l\u2019interactivit\u00e9 \u00e9tablie entre vous et notre site Web. Nous utilisons \u00e9galement, comme indiqu\u00e9 dans la section suivante, des fichiers t\u00e9moins et\/ou journaux pour r\u00e9unir des informations vous concernant.<\/p><h2>Formulaires&nbsp;et interactivit\u00e9:<\/h2><p>Vos renseignements personnels sont collect\u00e9s par le biais de formulaire, \u00e0 savoir :<\/p><ul><li>Formulaire pour nous joindre<\/li><li>Formulaire de soumission<\/li><li>Formulaire d&#8217;emploi<\/li><\/ul><p>Nous utilisons les renseignements ainsi collect\u00e9s pour les finalit\u00e9s suivantes :<\/p><ul><li>R\u00e9pondre \u00e0 vos questions<\/li><li>Vous contacter pour un emploi<\/li><li>Vous envoyer une soumission<\/li><\/ul><h2>Droit d\u2019opposition et de retrait<\/h2><p>Nous nous engageons \u00e0 vous offrir un droit d\u2019opposition et de retrait quant \u00e0 vos renseignements personnels.<\/p><p>Le droit d\u2019opposition s\u2019entend comme \u00e9tant la possiblit\u00e9 offerte aux internautes de refuser que leurs renseignements personnels soient utilis\u00e9es \u00e0 certaines fins mentionn\u00e9es lors de la collecte.<\/p><p>Le droit de retrait s\u2019entend comme \u00e9tant la possiblit\u00e9 offerte aux internautes de demander \u00e0 ce que leurs renseignements personnels ne figurent plus, par exemple, dans une liste de diffusion.<\/p><p><strong>Pour pouvoir exercer ces droits, vous pouvez contacter :<\/strong><\/p><p>Andr\u00e9 Poulin<br>Courriel :&nbsp; contact@remac.ca<br>T\u00e9l\u00e9phone :&nbsp; (418) 699-7535<\/p><h2>Droit d\u2019acc\u00e8s<\/h2><p>Nous nous engageons \u00e0 reconna\u00eetre un droit d\u2019acc\u00e8s et de rectification aux personnes concern\u00e9es d\u00e9sireuses de consulter, modifier, voire radier les informations les concernant.<\/p><p><strong>Pour pouvoir exercer ces droits, vous pouvez contacter :<\/strong><\/p><p>Andr\u00e9 Poulin<br>Courriel :&nbsp; contact@remac.ca<br>T\u00e9l\u00e9phone :&nbsp; (418) 699-7535<\/p><h2>S\u00e9curit\u00e9<\/h2><p>Les renseignements personnels que nous collectons sont conserv\u00e9s dans un environnement s\u00e9curis\u00e9. Les personnes travaillant pour nous sont tenues de respecter la confidentialit\u00e9 de vos informations.<\/p><p>Pour assurer la s\u00e9curit\u00e9 de vos renseignements personnels, nous avons recours aux mesures suivantes :<\/p><ul><li>Protocole SSL<\/li><\/ul><p>Nous nous engageons \u00e0 maintenir un haut degr\u00e9 de confidentialit\u00e9 en int\u00e9grant les derni\u00e8res innovations technologiques permettant d\u2019assurer la confidentialit\u00e9 de vos transactions. Toutefois, comme aucun m\u00e9canisme n\u2019offre une s\u00e9curit\u00e9 maximale, une part de risque est toujours pr\u00e9sente lorsque l\u2019on utilise Internet pour transmettre des renseignements personnels.<\/p><h2>L\u00e9gislation<\/h2><p>Nous nous engageons \u00e0 respecter les dispositions l\u00e9gislatives \u00e9nonc\u00e9es dans :<\/p><p>L\u00e9gislation:  Loi sur la protection des renseignements personnels<\/p><\/div>\n","protected":false},"excerpt":{"rendered":"<p>Introduction Devant le d\u00e9veloppement des nouveaux outils de communication, il est n\u00e9cessaire de porter une attention particuli\u00e8re \u00e0 la protection [&hellip;]<\/p>\n","protected":false},"author":10,"featured_media":0,"parent":0,"menu_order":0,"comment_status":"closed","ping_status":"closed","template":"","meta":{"_coblocks_attr":"","_coblocks_dimensions":"","_coblocks_responsive_height":"","_coblocks_accordion_ie_support":"","inline_featured_image":false,"_uag_custom_page_level_css":"","site-sidebar-layout":"default","site-content-layout":"","ast-site-content-layout":"default","site-content-style":"default","site-sidebar-style":"default","ast-global-header-display":"","ast-banner-title-visibility":"","ast-main-header-display":"","ast-hfb-above-header-display":"","ast-hfb-below-header-display":"","ast-hfb-mobile-header-display":"","site-post-title":"","ast-breadcrumbs-content":"","ast-featured-img":"","footer-sml-layout":"","theme-transparent-header-meta":"","adv-header-id-meta":"","stick-header-meta":"","header-above-stick-meta":"","header-main-stick-meta":"","header-below-stick-meta":"","astra-migrate-meta-layouts":"default","ast-page-background-enabled":"default","ast-page-background-meta":{"desktop":{"background-color":"var(--ast-global-color-4)","background-image":"","background-repeat":"repeat","background-position":"center center","background-size":"auto","background-attachment":"scroll","background-type":"","background-media":"","overlay-type":"","overlay-color":"","overlay-opacity":"","overlay-gradient":""},"tablet":{"background-color":"","background-image":"","background-repeat":"repeat","background-position":"center center","background-size":"auto","background-attachment":"scroll","background-type":"","background-media":"","overlay-type":"","overlay-color":"","overlay-opacity":"","overlay-gradient":""},"mobile":{"background-color":"","background-image":"","background-repeat":"repeat","background-position":"center center","background-size":"auto","background-attachment":"scroll","background-type":"","background-media":"","overlay-type":"","overlay-color":"","overlay-opacity":"","overlay-gradient":""}},"ast-content-background-meta":{"desktop":{"background-color":"var(--ast-global-color-5)","background-image":"","background-repeat":"repeat","background-position":"center center","background-size":"auto","background-attachment":"scroll","background-type":"","background-media":"","overlay-type":"","overlay-color":"","overlay-opacity":"","overlay-gradient":""},"tablet":{"background-color":"var(--ast-global-color-5)","background-image":"","background-repeat":"repeat","background-position":"center center","background-size":"auto","background-attachment":"scroll","background-type":"","background-media":"","overlay-type":"","overlay-color":"","overlay-opacity":"","overlay-gradient":""},"mobile":{"background-color":"var(--ast-global-color-5)","background-image":"","background-repeat":"repeat","background-position":"center center","background-size":"auto","background-attachment":"scroll","background-type":"","background-media":"","overlay-type":"","overlay-color":"","overlay-opacity":"","overlay-gradient":""}},"footnotes":""},"class_list":["post-2106","page","type-page","status-publish","hentry"],"yoast_head":"<!-- This site is optimized with the Yoast SEO plugin v25.9 - https:\/\/yoast.com\/wordpress\/plugins\/seo\/ -->\n<title>Politique de confidentialit\u00e9 - REMAC<\/title>\n<meta name=\"robots\" content=\"index, follow, max-snippet:-1, max-image-preview:large, max-video-preview:-1\" \/>\n<link rel=\"canonical\" href=\"https:\/\/remac.ca\/fr\/politique-de-confidentialite\/\" \/>\n<meta property=\"og:locale\" content=\"fr_FR\" \/>\n<meta property=\"og:type\" content=\"article\" \/>\n<meta property=\"og:title\" content=\"Politique de confidentialit\u00e9 - REMAC\" \/>\n<meta property=\"og:description\" content=\"Introduction Devant le d\u00e9veloppement des nouveaux outils de communication, il est n\u00e9cessaire de porter une attention particuli\u00e8re \u00e0 la protection [&hellip;]\" \/>\n<meta property=\"og:url\" content=\"https:\/\/remac.ca\/fr\/politique-de-confidentialite\/\" \/>\n<meta property=\"og:site_name\" content=\"REMAC\" \/>\n<meta property=\"article:publisher\" content=\"https:\/\/www.facebook.com\/remac.ca\" \/>\n<meta property=\"article:modified_time\" content=\"2023-10-31T01:52:35+00:00\" \/>\n<meta name=\"twitter:card\" content=\"summary_large_image\" \/>\n<meta name=\"twitter:label1\" content=\"Dur\u00e9e de lecture estim\u00e9e\" \/>\n\t<meta name=\"twitter:data1\" content=\"2 minutes\" \/>\n<script type=\"application\/ld+json\" class=\"yoast-schema-graph\">{\"@context\":\"https:\/\/schema.org\",\"@graph\":[{\"@type\":\"WebPage\",\"@id\":\"https:\/\/remac.ca\/fr\/politique-de-confidentialite\/\",\"url\":\"https:\/\/remac.ca\/fr\/politique-de-confidentialite\/\",\"name\":\"Politique de confidentialit\u00e9 - REMAC\",\"isPartOf\":{\"@id\":\"https:\/\/remac.ca\/fr\/#website\"},\"datePublished\":\"2023-10-31T01:46:13+00:00\",\"dateModified\":\"2023-10-31T01:52:35+00:00\",\"breadcrumb\":{\"@id\":\"https:\/\/remac.ca\/fr\/politique-de-confidentialite\/#breadcrumb\"},\"inLanguage\":\"fr-FR\",\"potentialAction\":[{\"@type\":\"ReadAction\",\"target\":[\"https:\/\/remac.ca\/fr\/politique-de-confidentialite\/\"]}]},{\"@type\":\"BreadcrumbList\",\"@id\":\"https:\/\/remac.ca\/fr\/politique-de-confidentialite\/#breadcrumb\",\"itemListElement\":[{\"@type\":\"ListItem\",\"position\":1,\"name\":\"Home\",\"item\":\"https:\/\/remac.ca\/fr\/\"},{\"@type\":\"ListItem\",\"position\":2,\"name\":\"Politique de confidentialit\u00e9\"}]},{\"@type\":\"WebSite\",\"@id\":\"https:\/\/remac.ca\/fr\/#website\",\"url\":\"https:\/\/remac.ca\/fr\/\",\"name\":\"REMAC\",\"description\":\"L&#039;aluminium pour des pyl\u00f4nes \u00e0 valeur ajout\u00e9e\",\"publisher\":{\"@id\":\"https:\/\/remac.ca\/fr\/#organization\"},\"potentialAction\":[{\"@type\":\"SearchAction\",\"target\":{\"@type\":\"EntryPoint\",\"urlTemplate\":\"https:\/\/remac.ca\/fr\/?s={search_term_string}\"},\"query-input\":{\"@type\":\"PropertyValueSpecification\",\"valueRequired\":true,\"valueName\":\"search_term_string\"}}],\"inLanguage\":\"fr-FR\"},{\"@type\":\"Organization\",\"@id\":\"https:\/\/remac.ca\/fr\/#organization\",\"name\":\"REMAC\",\"url\":\"https:\/\/remac.ca\/fr\/\",\"logo\":{\"@type\":\"ImageObject\",\"inLanguage\":\"fr-FR\",\"@id\":\"https:\/\/remac.ca\/fr\/#\/schema\/logo\/image\/\",\"url\":\"https:\/\/remac.ca\/wp-content\/uploads\/2022\/09\/logo-scaled.png\",\"contentUrl\":\"https:\/\/remac.ca\/wp-content\/uploads\/2022\/09\/logo-scaled.png\",\"width\":2700,\"height\":990,\"caption\":\"REMAC\"},\"image\":{\"@id\":\"https:\/\/remac.ca\/fr\/#\/schema\/logo\/image\/\"},\"sameAs\":[\"https:\/\/www.facebook.com\/remac.ca\",\"https:\/\/www.linkedin.com\/company\/remac-innovation\"]}]}<\/script>\n<!-- \/ Yoast SEO plugin. -->","yoast_head_json":{"title":"Politique de confidentialit\u00e9 - REMAC","robots":{"index":"index","follow":"follow","max-snippet":"max-snippet:-1","max-image-preview":"max-image-preview:large","max-video-preview":"max-video-preview:-1"},"canonical":"https:\/\/remac.ca\/fr\/politique-de-confidentialite\/","og_locale":"fr_FR","og_type":"article","og_title":"Politique de confidentialit\u00e9 - REMAC","og_description":"Introduction Devant le d\u00e9veloppement des nouveaux outils de communication, il est n\u00e9cessaire de porter une attention particuli\u00e8re \u00e0 la protection [&hellip;]","og_url":"https:\/\/remac.ca\/fr\/politique-de-confidentialite\/","og_site_name":"REMAC","article_publisher":"https:\/\/www.facebook.com\/remac.ca","article_modified_time":"2023-10-31T01:52:35+00:00","twitter_card":"summary_large_image","twitter_misc":{"Dur\u00e9e de lecture estim\u00e9e":"2 minutes"},"schema":{"@context":"https:\/\/schema.org","@graph":[{"@type":"WebPage","@id":"https:\/\/remac.ca\/fr\/politique-de-confidentialite\/","url":"https:\/\/remac.ca\/fr\/politique-de-confidentialite\/","name":"Politique de confidentialit\u00e9 - REMAC","isPartOf":{"@id":"https:\/\/remac.ca\/fr\/#website"},"datePublished":"2023-10-31T01:46:13+00:00","dateModified":"2023-10-31T01:52:35+00:00","breadcrumb":{"@id":"https:\/\/remac.ca\/fr\/politique-de-confidentialite\/#breadcrumb"},"inLanguage":"fr-FR","potentialAction":[{"@type":"ReadAction","target":["https:\/\/remac.ca\/fr\/politique-de-confidentialite\/"]}]},{"@type":"BreadcrumbList","@id":"https:\/\/remac.ca\/fr\/politique-de-confidentialite\/#breadcrumb","itemListElement":[{"@type":"ListItem","position":1,"name":"Home","item":"https:\/\/remac.ca\/fr\/"},{"@type":"ListItem","position":2,"name":"Politique de confidentialit\u00e9"}]},{"@type":"WebSite","@id":"https:\/\/remac.ca\/fr\/#website","url":"https:\/\/remac.ca\/fr\/","name":"REMAC","description":"L&#039;aluminium pour des pyl\u00f4nes \u00e0 valeur ajout\u00e9e","publisher":{"@id":"https:\/\/remac.ca\/fr\/#organization"},"potentialAction":[{"@type":"SearchAction","target":{"@type":"EntryPoint","urlTemplate":"https:\/\/remac.ca\/fr\/?s={search_term_string}"},"query-input":{"@type":"PropertyValueSpecification","valueRequired":true,"valueName":"search_term_string"}}],"inLanguage":"fr-FR"},{"@type":"Organization","@id":"https:\/\/remac.ca\/fr\/#organization","name":"REMAC","url":"https:\/\/remac.ca\/fr\/","logo":{"@type":"ImageObject","inLanguage":"fr-FR","@id":"https:\/\/remac.ca\/fr\/#\/schema\/logo\/image\/","url":"https:\/\/remac.ca\/wp-content\/uploads\/2022\/09\/logo-scaled.png","contentUrl":"https:\/\/remac.ca\/wp-content\/uploads\/2022\/09\/logo-scaled.png","width":2700,"height":990,"caption":"REMAC"},"image":{"@id":"https:\/\/remac.ca\/fr\/#\/schema\/logo\/image\/"},"sameAs":["https:\/\/www.facebook.com\/remac.ca","https:\/\/www.linkedin.com\/company\/remac-innovation"]}]}},"uagb_featured_image_src":{"full":false,"thumbnail":false,"medium":false,"medium_large":false,"large":false,"1536x1536":false,"2048x2048":false,"gform-image-choice-sm":false,"gform-image-choice-md":false,"gform-image-choice-lg":false},"uagb_author_info":{"display_name":"Patrice Labelle","author_link":"https:\/\/remac.ca\/fr\/author\/plabelle\/"},"uagb_comment_info":0,"uagb_excerpt":"Introduction Devant le d\u00e9veloppement des nouveaux outils de communication, il est n\u00e9cessaire de porter une attention particuli\u00e8re \u00e0 la protection [&hellip;]","_links":{"self":[{"href":"https:\/\/remac.ca\/fr\/wp-json\/wp\/v2\/pages\/2106","targetHints":{"allow":["GET"]}}],"collection":[{"href":"https:\/\/remac.ca\/fr\/wp-json\/wp\/v2\/pages"}],"about":[{"href":"https:\/\/remac.ca\/fr\/wp-json\/wp\/v2\/types\/page"}],"author":[{"embeddable":true,"href":"https:\/\/remac.ca\/fr\/wp-json\/wp\/v2\/users\/10"}],"replies":[{"embeddable":true,"href":"https:\/\/remac.ca\/fr\/wp-json\/wp\/v2\/comments?post=2106"}],"version-history":[{"count":4,"href":"https:\/\/remac.ca\/fr\/wp-json\/wp\/v2\/pages\/2106\/revisions"}],"predecessor-version":[{"id":2111,"href":"https:\/\/remac.ca\/fr\/wp-json\/wp\/v2\/pages\/2106\/revisions\/2111"}],"wp:attachment":[{"href":"https:\/\/remac.ca\/fr\/wp-json\/wp\/v2\/media?parent=2106"}],"curies":[{"name":"wp","href":"https:\/\/api.w.org\/{rel}","templated":true}]}}